{"id":15,"date":"2021-11-21T15:14:41","date_gmt":"2021-11-21T15:14:41","guid":{"rendered":"https:\/\/gymba-ergonomics.com\/services\/"},"modified":"2025-06-27T10:09:59","modified_gmt":"2025-06-27T07:09:59","slug":"services","status":"publish","type":"page","link":"https:\/\/gymba-ergonomics.com\/fi\/services\/","title":{"rendered":"KENELLE"},"content":{"rendered":"<div data-elementor-type=\"wp-page\" data-elementor-id=\"15\" class=\"elementor elementor-15\">\n\t\t\t\t\t\t<section class=\"elementor-section elementor-top-section elementor-element elementor-element-5186f8f elementor-section-height-min-height elementor-section-boxed elementor-section-height-default elementor-section-items-middle\" data-id=\"5186f8f\" data-element_type=\"section\" data-e-type=\"section\" data-settings=\"{&quot;background_background&quot;:&quot;classic&quot;}\">\n\t\t\t\t\t\t\t<div class=\"elementor-background-overlay\"><\/div>\n\t\t\t\t\t\t\t<div class=\"elementor-container elementor-column-gap-default\">\n\t\t\t\t\t<div class=\"elementor-column elementor-col-100 elementor-top-column elementor-element elementor-element-08e8cfa\" data-id=\"08e8cfa\" data-element_type=\"column\" data-e-type=\"column\">\n\t\t\t<div class=\"elementor-widget-wrap elementor-element-populated\">\n\t\t\t\t\t\t<div class=\"elementor-element elementor-element-378d624 elementor-widget elementor-widget-heading\" data-id=\"378d624\" data-element_type=\"widget\" data-e-type=\"widget\" data-widget_type=\"heading.default\">\n\t\t\t\t<div class=\"elementor-widget-container\">\n\t\t\t\t\t<h1 class=\"elementor-heading-title elementor-size-default\">KENELLE<\/h1>\t\t\t\t<\/div>\n\t\t\t\t<\/div>\n\t\t\t\t\t<\/div>\n\t\t<\/div>\n\t\t\t\t\t<\/div>\n\t\t<\/section>\n\t\t\t\t<section class=\"elementor-section elementor-top-section elementor-element elementor-element-4154650 elementor-section-boxed elementor-section-height-default elementor-section-height-default\" data-id=\"4154650\" data-element_type=\"section\" data-e-type=\"section\" data-settings=\"{&quot;background_background&quot;:&quot;classic&quot;}\">\n\t\t\t\t\t\t<div class=\"elementor-container elementor-column-gap-default\">\n\t\t\t\t\t<div class=\"elementor-column elementor-col-100 elementor-top-column elementor-element elementor-element-1e47628\" data-id=\"1e47628\" data-element_type=\"column\" data-e-type=\"column\">\n\t\t\t<div class=\"elementor-widget-wrap elementor-element-populated\">\n\t\t\t\t\t\t<div class=\"elementor-element elementor-element-24a7a4f elementor-widget elementor-widget-heading\" data-id=\"24a7a4f\" data-element_type=\"widget\" data-e-type=\"widget\" data-widget_type=\"heading.default\">\n\t\t\t\t<div class=\"elementor-widget-container\">\n\t\t\t\t\t<h2 class=\"elementor-heading-title elementor-size-default\">Ratkaisumme sinulle<\/h2>\t\t\t\t<\/div>\n\t\t\t\t<\/div>\n\t\t\t\t\t<\/div>\n\t\t<\/div>\n\t\t\t\t\t<\/div>\n\t\t<\/section>\n\t\t\t\t<section class=\"elementor-section elementor-top-section elementor-element elementor-element-2735005 elementor-section-boxed elementor-section-height-default elementor-section-height-default\" data-id=\"2735005\" data-element_type=\"section\" data-e-type=\"section\" data-settings=\"{&quot;background_background&quot;:&quot;classic&quot;}\">\n\t\t\t\t\t\t<div class=\"elementor-container elementor-column-gap-default\">\n\t\t\t\t\t<div class=\"elementor-column elementor-col-20 elementor-top-column elementor-element elementor-element-5a4a5ea\" data-id=\"5a4a5ea\" data-element_type=\"column\" data-e-type=\"column\">\n\t\t\t<div class=\"elementor-widget-wrap elementor-element-populated\">\n\t\t\t\t\t\t<div class=\"elementor-element elementor-element-e907c52 elementor-widget elementor-widget-image\" data-id=\"e907c52\" data-element_type=\"widget\" data-e-type=\"widget\" data-widget_type=\"image.default\">\n\t\t\t\t<div class=\"elementor-widget-container\">\n\t\t\t\t\t\t\t\t\t\t\t\t\t\t\t<img fetchpriority=\"high\" decoding=\"async\" width=\"715\" height=\"1024\" src=\"https:\/\/gymba-ergonomics.com\/wp-content\/uploads\/2023\/04\/Nimeton-suunn.malli-9-715x1024.png\" class=\"attachment-large size-large wp-image-1858\" alt=\"\" srcset=\"https:\/\/gymba-ergonomics.com\/wp-content\/uploads\/2023\/04\/Nimeton-suunn.malli-9-715x1024.png 715w, https:\/\/gymba-ergonomics.com\/wp-content\/uploads\/2023\/04\/Nimeton-suunn.malli-9-210x300.png 210w, https:\/\/gymba-ergonomics.com\/wp-content\/uploads\/2023\/04\/Nimeton-suunn.malli-9-768x1100.png 768w, https:\/\/gymba-ergonomics.com\/wp-content\/uploads\/2023\/04\/Nimeton-suunn.malli-9-1073x1536.png 1073w, https:\/\/gymba-ergonomics.com\/wp-content\/uploads\/2023\/04\/Nimeton-suunn.malli-9-1430x2048.png 1430w, https:\/\/gymba-ergonomics.com\/wp-content\/uploads\/2023\/04\/Nimeton-suunn.malli-9.png 1707w\" sizes=\"(max-width: 715px) 100vw, 715px\" \/>\t\t\t\t\t\t\t\t\t\t\t\t\t\t\t<\/div>\n\t\t\t\t<\/div>\n\t\t\t\t<div class=\"elementor-element elementor-element-20dbf92 elementor-widget elementor-widget-heading\" data-id=\"20dbf92\" data-element_type=\"widget\" data-e-type=\"widget\" data-widget_type=\"heading.default\">\n\t\t\t\t<div class=\"elementor-widget-container\">\n\t\t\t\t\t<h3 class=\"elementor-heading-title elementor-size-default\">Kuluttajille<\/h3>\t\t\t\t<\/div>\n\t\t\t\t<\/div>\n\t\t\t\t<div class=\"elementor-element elementor-element-357883f elementor-widget elementor-widget-text-editor\" data-id=\"357883f\" data-element_type=\"widget\" data-e-type=\"widget\" data-widget_type=\"text-editor.default\">\n\t\t\t\t<div class=\"elementor-widget-container\">\n\t\t\t\t\t\t\t\t\t<p>Tutustu ergonomisiin ja liikett\u00e4 edist\u00e4viin tuotteisiimme, jotka tuovat hyvinvointia <br \/>arkeesi.<\/p><p><a href=\"https:\/\/gymbastore.com\" data-wplink-edit=\"true\"><strong>Osta nyt<\/strong><\/a> <br \/>Verkkokauppaamme<\/p>\t\t\t\t\t\t\t\t<\/div>\n\t\t\t\t<\/div>\n\t\t\t\t\t<\/div>\n\t\t<\/div>\n\t\t\t\t<div class=\"elementor-column elementor-col-20 elementor-top-column elementor-element elementor-element-6f8a00f\" data-id=\"6f8a00f\" data-element_type=\"column\" data-e-type=\"column\">\n\t\t\t<div class=\"elementor-widget-wrap elementor-element-populated\">\n\t\t\t\t\t\t<div class=\"elementor-element elementor-element-64935e7 elementor-widget elementor-widget-image\" data-id=\"64935e7\" data-element_type=\"widget\" data-e-type=\"widget\" data-widget_type=\"image.default\">\n\t\t\t\t<div class=\"elementor-widget-container\">\n\t\t\t\t\t\t\t\t\t\t\t\t\t\t\t<img decoding=\"async\" width=\"715\" height=\"1024\" src=\"https:\/\/gymba-ergonomics.com\/wp-content\/uploads\/2023\/04\/Nimeton-suunn.malli-11-1-715x1024.png\" class=\"attachment-large size-large wp-image-1860\" alt=\"\" srcset=\"https:\/\/gymba-ergonomics.com\/wp-content\/uploads\/2023\/04\/Nimeton-suunn.malli-11-1-715x1024.png 715w, https:\/\/gymba-ergonomics.com\/wp-content\/uploads\/2023\/04\/Nimeton-suunn.malli-11-1-210x300.png 210w, https:\/\/gymba-ergonomics.com\/wp-content\/uploads\/2023\/04\/Nimeton-suunn.malli-11-1-768x1100.png 768w, https:\/\/gymba-ergonomics.com\/wp-content\/uploads\/2023\/04\/Nimeton-suunn.malli-11-1-1073x1536.png 1073w, https:\/\/gymba-ergonomics.com\/wp-content\/uploads\/2023\/04\/Nimeton-suunn.malli-11-1-1430x2048.png 1430w, https:\/\/gymba-ergonomics.com\/wp-content\/uploads\/2023\/04\/Nimeton-suunn.malli-11-1.png 1707w\" sizes=\"(max-width: 715px) 100vw, 715px\" \/>\t\t\t\t\t\t\t\t\t\t\t\t\t\t\t<\/div>\n\t\t\t\t<\/div>\n\t\t\t\t<div class=\"elementor-element elementor-element-b38c777 elementor-widget elementor-widget-heading\" data-id=\"b38c777\" data-element_type=\"widget\" data-e-type=\"widget\" data-widget_type=\"heading.default\">\n\t\t\t\t<div class=\"elementor-widget-container\">\n\t\t\t\t\t<h3 class=\"elementor-heading-title elementor-size-default\">Yrityksille<\/h3>\t\t\t\t<\/div>\n\t\t\t\t<\/div>\n\t\t\t\t<div class=\"elementor-element elementor-element-1d89fb9 elementor-widget__width-initial elementor-widget elementor-widget-text-editor\" data-id=\"1d89fb9\" data-element_type=\"widget\" data-e-type=\"widget\" data-widget_type=\"text-editor.default\">\n\t\t\t\t<div class=\"elementor-widget-container\">\n\t\t\t\t\t\t\t\t\t<p>Lis\u00e4\u00e4 ty\u00f6ntekij\u00f6iden hyvinvointia, keskittymiskyky\u00e4 ja tuottavuutta ergonomisilla ratkaisuilla, jotka on suunniteltu moderneihin ty\u00f6ymp\u00e4rist\u00f6ihin.<\/p><p><a href=\"https:\/\/gymba-ergonomics.com\/fi\/offices\/\"><strong>Tutustu<\/strong> <\/a><br \/>Gymba\u00aen ratkaisut ergonomisiin ja terveytt\u00e4 tukeviin ty\u00f6ymp\u00e4rist\u00f6ihin.<\/p>\t\t\t\t\t\t\t\t<\/div>\n\t\t\t\t<\/div>\n\t\t\t\t\t<\/div>\n\t\t<\/div>\n\t\t\t\t<div class=\"elementor-column elementor-col-20 elementor-top-column elementor-element elementor-element-7d5d89a\" data-id=\"7d5d89a\" data-element_type=\"column\" data-e-type=\"column\">\n\t\t\t<div class=\"elementor-widget-wrap elementor-element-populated\">\n\t\t\t\t\t\t<div class=\"elementor-element elementor-element-bae709b elementor-widget elementor-widget-image\" data-id=\"bae709b\" data-element_type=\"widget\" data-e-type=\"widget\" data-widget_type=\"image.default\">\n\t\t\t\t<div class=\"elementor-widget-container\">\n\t\t\t\t\t\t\t\t\t\t\t\t\t\t\t<img decoding=\"async\" width=\"715\" height=\"1024\" src=\"https:\/\/gymba-ergonomics.com\/wp-content\/uploads\/2023\/04\/png_20230418_141150_0000-715x1024.png\" class=\"attachment-large size-large wp-image-1856\" alt=\"\" srcset=\"https:\/\/gymba-ergonomics.com\/wp-content\/uploads\/2023\/04\/png_20230418_141150_0000-715x1024.png 715w, https:\/\/gymba-ergonomics.com\/wp-content\/uploads\/2023\/04\/png_20230418_141150_0000-209x300.png 209w, https:\/\/gymba-ergonomics.com\/wp-content\/uploads\/2023\/04\/png_20230418_141150_0000-768x1100.png 768w, https:\/\/gymba-ergonomics.com\/wp-content\/uploads\/2023\/04\/png_20230418_141150_0000-1072x1536.png 1072w, https:\/\/gymba-ergonomics.com\/wp-content\/uploads\/2023\/04\/png_20230418_141150_0000-1430x2048.png 1430w, https:\/\/gymba-ergonomics.com\/wp-content\/uploads\/2023\/04\/png_20230418_141150_0000.png 1706w\" sizes=\"(max-width: 715px) 100vw, 715px\" \/>\t\t\t\t\t\t\t\t\t\t\t\t\t\t\t<\/div>\n\t\t\t\t<\/div>\n\t\t\t\t<div class=\"elementor-element elementor-element-5569232 elementor-widget elementor-widget-heading\" data-id=\"5569232\" data-element_type=\"widget\" data-e-type=\"widget\" data-widget_type=\"heading.default\">\n\t\t\t\t<div class=\"elementor-widget-container\">\n\t\t\t\t\t<h3 class=\"elementor-heading-title elementor-size-default\">Kouluille<\/h3>\t\t\t\t<\/div>\n\t\t\t\t<\/div>\n\t\t\t\t<div class=\"elementor-element elementor-element-91ab62f elementor-widget elementor-widget-text-editor\" data-id=\"91ab62f\" data-element_type=\"widget\" data-e-type=\"widget\" data-widget_type=\"text-editor.default\">\n\t\t\t\t<div class=\"elementor-widget-container\">\n\t\t\t\t\t\t\t\t\t<p>Luo aktiivisia ja innostavia oppimisymp\u00e4rist\u00f6j\u00e4 innovatiivisilla, liikkumista lis\u00e4\u00e4vill\u00e4 ratkaisuillamme niin oppilaille kuin henkil\u00f6kunnallekin.<\/p><p><strong><a href=\"https:\/\/gymba-ergonomics.com\/fi\/education-centers\/\">Katso kuinka<\/a> <br \/><\/strong>Gymba sopii oppimisymp\u00e4rist\u00f6ihin.<\/p>\t\t\t\t\t\t\t\t<\/div>\n\t\t\t\t<\/div>\n\t\t\t\t\t<\/div>\n\t\t<\/div>\n\t\t\t\t<div class=\"elementor-column elementor-col-20 elementor-top-column elementor-element elementor-element-0a33d79\" data-id=\"0a33d79\" data-element_type=\"column\" data-e-type=\"column\">\n\t\t\t<div class=\"elementor-widget-wrap elementor-element-populated\">\n\t\t\t\t\t\t<div class=\"elementor-element elementor-element-8189a23 elementor-widget elementor-widget-image\" data-id=\"8189a23\" data-element_type=\"widget\" data-e-type=\"widget\" data-widget_type=\"image.default\">\n\t\t\t\t<div class=\"elementor-widget-container\">\n\t\t\t\t\t\t\t\t\t\t\t\t\t\t\t<img loading=\"lazy\" decoding=\"async\" width=\"715\" height=\"1024\" src=\"https:\/\/gymba-ergonomics.com\/wp-content\/uploads\/2025\/04\/Nimeton-malli-1-715x1024.png\" class=\"attachment-large size-large wp-image-3360\" alt=\"Gymba\u00ae Balance Board MINI\" srcset=\"https:\/\/gymba-ergonomics.com\/wp-content\/uploads\/2025\/04\/Nimeton-malli-1-715x1024.png 715w, https:\/\/gymba-ergonomics.com\/wp-content\/uploads\/2025\/04\/Nimeton-malli-1-209x300.png 209w, https:\/\/gymba-ergonomics.com\/wp-content\/uploads\/2025\/04\/Nimeton-malli-1-768x1100.png 768w, https:\/\/gymba-ergonomics.com\/wp-content\/uploads\/2025\/04\/Nimeton-malli-1-1072x1536.png 1072w, https:\/\/gymba-ergonomics.com\/wp-content\/uploads\/2025\/04\/Nimeton-malli-1-1430x2048.png 1430w, https:\/\/gymba-ergonomics.com\/wp-content\/uploads\/2025\/04\/Nimeton-malli-1-8x12.png 8w, https:\/\/gymba-ergonomics.com\/wp-content\/uploads\/2025\/04\/Nimeton-malli-1.png 1706w\" sizes=\"(max-width: 715px) 100vw, 715px\" \/>\t\t\t\t\t\t\t\t\t\t\t\t\t\t\t<\/div>\n\t\t\t\t<\/div>\n\t\t\t\t<div class=\"elementor-element elementor-element-58c13fa elementor-widget elementor-widget-heading\" data-id=\"58c13fa\" data-element_type=\"widget\" data-e-type=\"widget\" data-widget_type=\"heading.default\">\n\t\t\t\t<div class=\"elementor-widget-container\">\n\t\t\t\t\t<h3 class=\"elementor-heading-title elementor-size-default\">Urheilu &amp; kuntoutus<\/h3>\t\t\t\t<\/div>\n\t\t\t\t<\/div>\n\t\t\t\t<div class=\"elementor-element elementor-element-147c4b9 elementor-widget elementor-widget-text-editor\" data-id=\"147c4b9\" data-element_type=\"widget\" data-e-type=\"widget\" data-widget_type=\"text-editor.default\">\n\t\t\t\t<div class=\"elementor-widget-container\">\n\t\t\t\t\t\t\t\t\t<p>Monipuoliset v\u00e4lineet personal trainereille, fysioterapeuteille ja kuntosaleille toiminnallisen harjoittelun ja kuntoutuksen tueksi.<\/p><p><a href=\"https:\/\/gymba-ergonomics.com\/fi\/sports-rehab\/\"><strong>Tutustu<\/strong><\/a> <br \/>Tuotteet liikuntaan, kuntoutukseen ja palautumiseen.<\/p>\t\t\t\t\t\t\t\t<\/div>\n\t\t\t\t<\/div>\n\t\t\t\t\t<\/div>\n\t\t<\/div>\n\t\t\t\t<div class=\"elementor-column elementor-col-20 elementor-top-column elementor-element elementor-element-87fa379\" data-id=\"87fa379\" data-element_type=\"column\" data-e-type=\"column\">\n\t\t\t<div class=\"elementor-widget-wrap elementor-element-populated\">\n\t\t\t\t\t\t<div class=\"elementor-element elementor-element-783ed7d elementor-widget elementor-widget-image\" data-id=\"783ed7d\" data-element_type=\"widget\" data-e-type=\"widget\" data-widget_type=\"image.default\">\n\t\t\t\t<div class=\"elementor-widget-container\">\n\t\t\t\t\t\t\t\t\t\t\t\t\t\t\t<img loading=\"lazy\" decoding=\"async\" width=\"715\" height=\"1024\" src=\"https:\/\/gymba-ergonomics.com\/wp-content\/uploads\/2025\/04\/Nimeton-malli-2-715x1024.png\" class=\"attachment-large size-large wp-image-3361\" alt=\"Gymba\u00ae Products\" srcset=\"https:\/\/gymba-ergonomics.com\/wp-content\/uploads\/2025\/04\/Nimeton-malli-2-715x1024.png 715w, https:\/\/gymba-ergonomics.com\/wp-content\/uploads\/2025\/04\/Nimeton-malli-2-209x300.png 209w, https:\/\/gymba-ergonomics.com\/wp-content\/uploads\/2025\/04\/Nimeton-malli-2-768x1100.png 768w, https:\/\/gymba-ergonomics.com\/wp-content\/uploads\/2025\/04\/Nimeton-malli-2-1072x1536.png 1072w, https:\/\/gymba-ergonomics.com\/wp-content\/uploads\/2025\/04\/Nimeton-malli-2-1430x2048.png 1430w, https:\/\/gymba-ergonomics.com\/wp-content\/uploads\/2025\/04\/Nimeton-malli-2-8x12.png 8w, https:\/\/gymba-ergonomics.com\/wp-content\/uploads\/2025\/04\/Nimeton-malli-2.png 1706w\" sizes=\"(max-width: 715px) 100vw, 715px\" \/>\t\t\t\t\t\t\t\t\t\t\t\t\t\t\t<\/div>\n\t\t\t\t<\/div>\n\t\t\t\t<div class=\"elementor-element elementor-element-0fea6de elementor-widget elementor-widget-heading\" data-id=\"0fea6de\" data-element_type=\"widget\" data-e-type=\"widget\" data-widget_type=\"heading.default\">\n\t\t\t\t<div class=\"elementor-widget-container\">\n\t\t\t\t\t<h3 class=\"elementor-heading-title elementor-size-default\">J\u00e4lleenmyyjille<\/h3>\t\t\t\t<\/div>\n\t\t\t\t<\/div>\n\t\t\t\t<div class=\"elementor-element elementor-element-a618aba elementor-widget elementor-widget-text-editor\" data-id=\"a618aba\" data-element_type=\"widget\" data-e-type=\"widget\" data-widget_type=\"text-editor.default\">\n\t\t\t\t<div class=\"elementor-widget-container\">\n\t\t\t\t\t\t\t\t\t<p>Liity kasvavaan valtuutettujen Gymba\u00ae-kumppaneiden verkostoomme ja tuo innovatiiviset hyvinvointituotteet asiakkaidesi ulottuville.<\/p><p><a href=\"https:\/\/gymba-ergonomics.com\/fi\/resellers\/\"><strong>Ryhdy j\u00e4lleenmyyj\u00e4ksi.<\/strong><\/a><\/p>\t\t\t\t\t\t\t\t<\/div>\n\t\t\t\t<\/div>\n\t\t\t\t\t<\/div>\n\t\t<\/div>\n\t\t\t\t\t<\/div>\n\t\t<\/section>\n\t\t\t\t<section class=\"elementor-section elementor-top-section elementor-element elementor-element-c32f742 elementor-section-content-middle elementor-section-boxed elementor-section-height-default elementor-section-height-default\" data-id=\"c32f742\" data-element_type=\"section\" data-e-type=\"section\" data-settings=\"{&quot;background_background&quot;:&quot;classic&quot;}\">\n\t\t\t\t\t\t\t<div class=\"elementor-background-overlay\"><\/div>\n\t\t\t\t\t\t\t<div class=\"elementor-container elementor-column-gap-default\">\n\t\t\t\t\t<div class=\"elementor-column elementor-col-100 elementor-top-column elementor-element elementor-element-ac64775\" data-id=\"ac64775\" data-element_type=\"column\" data-e-type=\"column\">\n\t\t\t<div class=\"elementor-widget-wrap elementor-element-populated\">\n\t\t\t\t\t\t<div class=\"elementor-element elementor-element-1f24543 elementor-widget elementor-widget-heading\" data-id=\"1f24543\" data-element_type=\"widget\" data-e-type=\"widget\" data-widget_type=\"heading.default\">\n\t\t\t\t<div class=\"elementor-widget-container\">\n\t\t\t\t\t<h2 class=\"elementor-heading-title elementor-size-default\">Ota yhteytt\u00e4<\/h2>\t\t\t\t<\/div>\n\t\t\t\t<\/div>\n\t\t\t\t<div class=\"elementor-element elementor-element-22de49f elementor-widget elementor-widget-text-editor\" data-id=\"22de49f\" data-element_type=\"widget\" data-e-type=\"widget\" data-widget_type=\"text-editor.default\">\n\t\t\t\t<div class=\"elementor-widget-container\">\n\t\t\t\t\t\t\t\t\t<p data-start=\"251\" data-end=\"425\">Kysymyksi\u00e4? Olemme aina halukkaita keskustelemaan uusista projekteista ja mahdollisuuksista sek\u00e4 siit\u00e4, miten voimme olla avuksi.<\/p>\t\t\t\t\t\t\t\t<\/div>\n\t\t\t\t<\/div>\n\t\t\t\t<div class=\"elementor-element elementor-element-22cbaee elementor-align-center elementor-widget elementor-widget-button\" data-id=\"22cbaee\" data-element_type=\"widget\" data-e-type=\"widget\" data-widget_type=\"button.default\">\n\t\t\t\t<div class=\"elementor-widget-container\">\n\t\t\t\t\t\t\t\t\t<div class=\"elementor-button-wrapper\">\n\t\t\t\t\t<a class=\"elementor-button elementor-button-link elementor-size-xs\" href=\"https:\/\/gymba-ergonomics.com\/fi\/contact\/\">\n\t\t\t\t\t\t<span class=\"elementor-button-content-wrapper\">\n\t\t\t\t\t\t\t\t\t<span class=\"elementor-button-text\">Get in touch<\/span>\n\t\t\t\t\t<\/span>\n\t\t\t\t\t<\/a>\n\t\t\t\t<\/div>\n\t\t\t\t\t\t\t\t<\/div>\n\t\t\t\t<\/div>\n\t\t\t\t\t<\/div>\n\t\t<\/div>\n\t\t\t\t\t<\/div>\n\t\t<\/section>\n\t\t\t\t<\/div>","protected":false},"excerpt":{"rendered":"<p>Who We Serve How Can We Help You? Consumers Discover ergonomic and movement-promoting products designed to enhance your everyday well-being. \u2192 Shop now in our online store. Businesses Boost employee well-being, focus, and productivity with ergonomic solutions tailored for modern workplaces. \u2192 Learn how Gymba\u00ae supports healthier work environments. Education Centers Create active and engaging &hellip;<\/p>\n<p class=\"read-more\"> <a class=\"\" href=\"https:\/\/gymba-ergonomics.com\/fi\/services\/\"> <span class=\"screen-reader-text\">KENELLE<\/span> Lue lis\u00e4\u00e4 &raquo;<\/a><\/p>","protected":false},"author":1,"featured_media":0,"parent":0,"menu_order":0,"comment_status":"closed","ping_status":"closed","template":"","meta":{"_improvement_type_select":"improve_an_existing","_thumb_yes_seoaic":false,"_frame_yes_seoaic":false,"seoaic_generate_description":"","seoaic_improve_instructions_prompt":"","seoaic_rollback_content_improvement":"","seoaic_idea_thumbnail_generator":"","thumbnail_generated":false,"thumbnail_generate_prompt":"","seoaic_article_description":"","_uag_custom_page_level_css":"","site-sidebar-layout":"no-sidebar","site-content-layout":"page-builder","ast-global-header-display":"","ast-main-header-display":"","ast-hfb-above-header-display":"","ast-hfb-below-header-display":"","ast-hfb-mobile-header-display":"","site-post-title":"disabled","ast-breadcrumbs-content":"","ast-featured-img":"disabled","footer-sml-layout":"","theme-transparent-header-meta":"enabled","adv-header-id-meta":"","stick-header-meta":"","header-above-stick-meta":"","header-main-stick-meta":"","header-below-stick-meta":"","footnotes":""},"class_list":["post-15","page","type-page","status-publish","hentry"],"uagb_featured_image_src":{"full":false,"thumbnail":false,"medium":false,"medium_large":false,"large":false,"1536x1536":false,"2048x2048":false,"trp-custom-language-flag":false},"uagb_author_info":{"display_name":"Heidi","author_link":"https:\/\/gymba-ergonomics.com\/fi\/author\/heidi\/"},"uagb_comment_info":0,"uagb_excerpt":"Who We Serve How Can We Help You? Consumers Discover ergonomic and movement-promoting products designed to enhance your everyday well-being. \u2192 Shop now in our online store. Businesses Boost employee well-being, focus, and productivity with ergonomic solutions tailored for modern workplaces. \u2192 Learn how Gymba\u00ae supports healthier work environments. Education Centers Create active and engaging&hellip;","_links":{"self":[{"href":"https:\/\/gymba-ergonomics.com\/fi\/wp-json\/wp\/v2\/pages\/15","targetHints":{"allow":["GET"]}}],"collection":[{"href":"https:\/\/gymba-ergonomics.com\/fi\/wp-json\/wp\/v2\/pages"}],"about":[{"href":"https:\/\/gymba-ergonomics.com\/fi\/wp-json\/wp\/v2\/types\/page"}],"author":[{"embeddable":true,"href":"https:\/\/gymba-ergonomics.com\/fi\/wp-json\/wp\/v2\/users\/1"}],"replies":[{"embeddable":true,"href":"https:\/\/gymba-ergonomics.com\/fi\/wp-json\/wp\/v2\/comments?post=15"}],"version-history":[{"count":81,"href":"https:\/\/gymba-ergonomics.com\/fi\/wp-json\/wp\/v2\/pages\/15\/revisions"}],"predecessor-version":[{"id":4150,"href":"https:\/\/gymba-ergonomics.com\/fi\/wp-json\/wp\/v2\/pages\/15\/revisions\/4150"}],"wp:attachment":[{"href":"https:\/\/gymba-ergonomics.com\/fi\/wp-json\/wp\/v2\/media?parent=15"}],"curies":[{"name":"wp","href":"https:\/\/api.w.org\/{rel}","templated":true}]}}