{"id":2206,"date":"2023-04-23T12:04:57","date_gmt":"2023-04-23T12:04:57","guid":{"rendered":"https:\/\/gymba-ergonomics.com\/?page_id=2206"},"modified":"2025-07-08T12:53:33","modified_gmt":"2025-07-08T09:53:33","slug":"gymba-board","status":"publish","type":"page","link":"https:\/\/gymba-ergonomics.com\/fi\/gymba-board\/","title":{"rendered":"Gymba\u00ae Aktivointilauta"},"content":{"rendered":"<div data-elementor-type=\"wp-page\" data-elementor-id=\"2206\" class=\"elementor elementor-2206\">\n\t\t\t\t\t\t<section class=\"elementor-section elementor-top-section elementor-element elementor-element-dh3gdkg elementor-section-height-min-height elementor-section-boxed elementor-section-height-default elementor-section-items-middle\" data-id=\"dh3gdkg\" data-element_type=\"section\" data-e-type=\"section\" data-settings=\"{&quot;background_background&quot;:&quot;classic&quot;}\">\n\t\t\t\t\t\t\t<div class=\"elementor-background-overlay\"><\/div>\n\t\t\t\t\t\t\t<div class=\"elementor-container elementor-column-gap-default\">\n\t\t\t\t\t<div class=\"elementor-column elementor-col-100 elementor-top-column elementor-element elementor-element-6a5337e\" data-id=\"6a5337e\" data-element_type=\"column\" data-e-type=\"column\">\n\t\t\t<div class=\"elementor-widget-wrap elementor-element-populated\">\n\t\t\t\t\t\t<div class=\"elementor-element elementor-element-8218f7f elementor-widget elementor-widget-heading\" data-id=\"8218f7f\" data-element_type=\"widget\" data-e-type=\"widget\" data-widget_type=\"heading.default\">\n\t\t\t\t<div class=\"elementor-widget-container\">\n\t\t\t\t\t<h1 class=\"elementor-heading-title elementor-size-default\">Gymba\u00ae Aktivointilauta<\/h1>\t\t\t\t<\/div>\n\t\t\t\t<\/div>\n\t\t\t\t\t<\/div>\n\t\t<\/div>\n\t\t\t\t\t<\/div>\n\t\t<\/section>\n\t\t\t\t<section class=\"elementor-section elementor-top-section elementor-element elementor-element-s1wh17v elementor-section-content-middle elementor-reverse-mobile elementor-section-boxed elementor-section-height-default elementor-section-height-default\" data-id=\"s1wh17v\" data-element_type=\"section\" data-e-type=\"section\" data-settings=\"{&quot;background_background&quot;:&quot;classic&quot;}\">\n\t\t\t\t\t\t\t<div class=\"elementor-background-overlay\"><\/div>\n\t\t\t\t\t\t\t<div class=\"elementor-container elementor-column-gap-default\">\n\t\t\t\t\t<div class=\"elementor-column elementor-col-100 elementor-top-column elementor-element elementor-element-0ca8923\" data-id=\"0ca8923\" data-element_type=\"column\" data-e-type=\"column\">\n\t\t\t<div class=\"elementor-widget-wrap elementor-element-populated\">\n\t\t\t\t\t\t<div class=\"elementor-element elementor-element-8bf8f82 elementor-widget elementor-widget-heading\" data-id=\"8bf8f82\" data-element_type=\"widget\" data-e-type=\"widget\" data-widget_type=\"heading.default\">\n\t\t\t\t<div class=\"elementor-widget-container\">\n\t\t\t\t\t<h1 class=\"elementor-heading-title elementor-size-default\">Walk While Standing<\/h1>\t\t\t\t<\/div>\n\t\t\t\t<\/div>\n\t\t\t\t<div class=\"elementor-element elementor-element-b2eb206 elementor-widget elementor-widget-text-editor\" data-id=\"b2eb206\" data-element_type=\"widget\" data-e-type=\"widget\" data-widget_type=\"text-editor.default\">\n\t\t\t\t<div class=\"elementor-widget-container\">\n\t\t\t\t\t\t\t\t\t<p>Gymba\u00ae Aktivointilauta on kehitelty erityisesti toimistoergonomiaa lis\u00e4\u00e4m\u00e4\u00e4n ja pit\u00e4m\u00e4\u00e4n kehomme aktiivisina ty\u00f6p\u00e4iv\u00e4n aikana. Se sopii t\u00e4ydellisesti yhteen seisomap\u00f6yd\u00e4n kanssa ja \u2013 kiitos erityisen k\u00e4velyominaisuutensa \u2013 se tekee seisomisesta miellytt\u00e4v\u00e4\u00e4 ja terveellist\u00e4.<\/p>\t\t\t\t\t\t\t\t<\/div>\n\t\t\t\t<\/div>\n\t\t\t\t\t<\/div>\n\t\t<\/div>\n\t\t\t\t\t<\/div>\n\t\t<\/section>\n\t\t\t\t<section class=\"elementor-section elementor-top-section elementor-element elementor-element-b93b46a elementor-section-boxed elementor-section-height-default elementor-section-height-default\" data-id=\"b93b46a\" data-element_type=\"section\" data-e-type=\"section\">\n\t\t\t\t\t\t<div class=\"elementor-container elementor-column-gap-default\">\n\t\t\t\t\t<div class=\"elementor-column elementor-col-100 elementor-top-column elementor-element elementor-element-ecbd288\" data-id=\"ecbd288\" data-element_type=\"column\" data-e-type=\"column\">\n\t\t\t<div class=\"elementor-widget-wrap elementor-element-populated\">\n\t\t\t\t\t\t<div class=\"elementor-element elementor-element-6d48684 elementor-widget elementor-widget-video\" data-id=\"6d48684\" data-element_type=\"widget\" data-e-type=\"widget\" data-settings=\"{&quot;youtube_url&quot;:&quot;https:\\\/\\\/youtu.be\\\/UKiaqZECenc&quot;,&quot;video_type&quot;:&quot;youtube&quot;,&quot;controls&quot;:&quot;yes&quot;}\" data-widget_type=\"video.default\">\n\t\t\t\t<div class=\"elementor-widget-container\">\n\t\t\t\t\t\t\t<div class=\"elementor-wrapper elementor-open-inline\">\n\t\t\t<div class=\"elementor-video\"><\/div>\t\t<\/div>\n\t\t\t\t\t\t<\/div>\n\t\t\t\t<\/div>\n\t\t\t\t\t<\/div>\n\t\t<\/div>\n\t\t\t\t\t<\/div>\n\t\t<\/section>\n\t\t\t\t<section class=\"elementor-section elementor-top-section elementor-element elementor-element-8iy9e28 elementor-section-content-middle elementor-section-boxed elementor-section-height-default elementor-section-height-default\" data-id=\"8iy9e28\" data-element_type=\"section\" data-e-type=\"section\" data-settings=\"{&quot;background_background&quot;:&quot;classic&quot;}\">\n\t\t\t\t\t\t\t<div class=\"elementor-background-overlay\"><\/div>\n\t\t\t\t\t\t\t<div class=\"elementor-container elementor-column-gap-no\">\n\t\t\t\t\t<div class=\"elementor-column elementor-col-25 elementor-top-column elementor-element elementor-element-f5fbb7e\" data-id=\"f5fbb7e\" data-element_type=\"column\" data-e-type=\"column\">\n\t\t\t<div class=\"elementor-widget-wrap elementor-element-populated\">\n\t\t\t\t\t\t<div class=\"elementor-element elementor-element-ba0d10b elementor-widget elementor-widget-image\" data-id=\"ba0d10b\" data-element_type=\"widget\" data-e-type=\"widget\" data-widget_type=\"image.default\">\n\t\t\t\t<div class=\"elementor-widget-container\">\n\t\t\t\t\t\t\t\t\t\t\t\t\t\t\t<img fetchpriority=\"high\" decoding=\"async\" width=\"1280\" height=\"1280\" src=\"https:\/\/gymba-ergonomics.com\/wp-content\/uploads\/2023\/04\/recycling-symbol-logo-304974.png\" class=\"attachment-full size-full wp-image-2249\" alt=\"recycling, symbol, logo-304974.jpg\" srcset=\"https:\/\/gymba-ergonomics.com\/wp-content\/uploads\/2023\/04\/recycling-symbol-logo-304974.png 1280w, https:\/\/gymba-ergonomics.com\/wp-content\/uploads\/2023\/04\/recycling-symbol-logo-304974-300x300.png 300w, https:\/\/gymba-ergonomics.com\/wp-content\/uploads\/2023\/04\/recycling-symbol-logo-304974-1024x1024.png 1024w, https:\/\/gymba-ergonomics.com\/wp-content\/uploads\/2023\/04\/recycling-symbol-logo-304974-150x150.png 150w, https:\/\/gymba-ergonomics.com\/wp-content\/uploads\/2023\/04\/recycling-symbol-logo-304974-768x768.png 768w\" sizes=\"(max-width: 1280px) 100vw, 1280px\" \/>\t\t\t\t\t\t\t\t\t\t\t\t\t\t\t<\/div>\n\t\t\t\t<\/div>\n\t\t\t\t<div class=\"elementor-element elementor-element-d092873 elementor-widget elementor-widget-heading\" data-id=\"d092873\" data-element_type=\"widget\" data-e-type=\"widget\" data-widget_type=\"heading.default\">\n\t\t\t\t<div class=\"elementor-widget-container\">\n\t\t\t\t\t<h3 class=\"elementor-heading-title elementor-size-default\">Ekologinen,<br>kest\u00e4v\u00e4<\/h3>\t\t\t\t<\/div>\n\t\t\t\t<\/div>\n\t\t\t\t<div class=\"elementor-element elementor-element-8ce321c elementor-widget elementor-widget-text-editor\" data-id=\"8ce321c\" data-element_type=\"widget\" data-e-type=\"widget\" data-widget_type=\"text-editor.default\">\n\t\t\t\t<div class=\"elementor-widget-container\">\n\t\t\t\t\t\t\t\t\t<p>Gymba\u00ae Aktivointilauta on tehty biokomposiitista ja on 100% kierr\u00e4tett\u00e4viss\u00e4.<\/p>\t\t\t\t\t\t\t\t<\/div>\n\t\t\t\t<\/div>\n\t\t\t\t\t<\/div>\n\t\t<\/div>\n\t\t\t\t<div class=\"elementor-column elementor-col-25 elementor-top-column elementor-element elementor-element-568a612\" data-id=\"568a612\" data-element_type=\"column\" data-e-type=\"column\">\n\t\t\t<div class=\"elementor-widget-wrap elementor-element-populated\">\n\t\t\t\t\t\t<div class=\"elementor-element elementor-element-6fc75b2 elementor-widget elementor-widget-image\" data-id=\"6fc75b2\" data-element_type=\"widget\" data-e-type=\"widget\" data-widget_type=\"image.default\">\n\t\t\t\t<div class=\"elementor-widget-container\">\n\t\t\t\t\t\t\t\t\t\t\t\t\t\t\t<img decoding=\"async\" width=\"600\" height=\"445\" src=\"https:\/\/gymba-ergonomics.com\/wp-content\/uploads\/2023\/04\/Warranty-logos.jpeg\" class=\"attachment-full size-full wp-image-2250\" alt=\"\" srcset=\"https:\/\/gymba-ergonomics.com\/wp-content\/uploads\/2023\/04\/Warranty-logos.jpeg 600w, https:\/\/gymba-ergonomics.com\/wp-content\/uploads\/2023\/04\/Warranty-logos-300x223.jpeg 300w\" sizes=\"(max-width: 600px) 100vw, 600px\" \/>\t\t\t\t\t\t\t\t\t\t\t\t\t\t\t<\/div>\n\t\t\t\t<\/div>\n\t\t\t\t<div class=\"elementor-element elementor-element-8ca1f51 elementor-widget elementor-widget-heading\" data-id=\"8ca1f51\" data-element_type=\"widget\" data-e-type=\"widget\" data-widget_type=\"heading.default\">\n\t\t\t\t<div class=\"elementor-widget-container\">\n\t\t\t\t\t<h3 class=\"elementor-heading-title elementor-size-default\">5 vuoden takuu<\/h3>\t\t\t\t<\/div>\n\t\t\t\t<\/div>\n\t\t\t\t<div class=\"elementor-element elementor-element-9a7b079 elementor-widget elementor-widget-text-editor\" data-id=\"9a7b079\" data-element_type=\"widget\" data-e-type=\"widget\" data-widget_type=\"text-editor.default\">\n\t\t\t\t<div class=\"elementor-widget-container\">\n\t\t\t\t\t\t\t\t\t<p>Annamme laudalle \n5 vuoden murtumattomuus-\ntakuun.<\/p>\t\t\t\t\t\t\t\t<\/div>\n\t\t\t\t<\/div>\n\t\t\t\t\t<\/div>\n\t\t<\/div>\n\t\t\t\t<div class=\"elementor-column elementor-col-25 elementor-top-column elementor-element elementor-element-06857de\" data-id=\"06857de\" data-element_type=\"column\" data-e-type=\"column\">\n\t\t\t<div class=\"elementor-widget-wrap elementor-element-populated\">\n\t\t\t\t\t\t<div class=\"elementor-element elementor-element-382247a elementor-widget elementor-widget-image\" data-id=\"382247a\" data-element_type=\"widget\" data-e-type=\"widget\" data-widget_type=\"image.default\">\n\t\t\t\t<div class=\"elementor-widget-container\">\n\t\t\t\t\t\t\t\t\t\t\t\t\t\t\t<img decoding=\"async\" width=\"2160\" height=\"1603\" src=\"https:\/\/gymba-ergonomics.com\/wp-content\/uploads\/2023\/04\/3J7A2059-scaled-3-e1682262124419.jpg\" class=\"attachment-full size-full wp-image-2252\" alt=\"\" srcset=\"https:\/\/gymba-ergonomics.com\/wp-content\/uploads\/2023\/04\/3J7A2059-scaled-3-e1682262124419.jpg 2160w, https:\/\/gymba-ergonomics.com\/wp-content\/uploads\/2023\/04\/3J7A2059-scaled-3-e1682262124419-300x223.jpg 300w, https:\/\/gymba-ergonomics.com\/wp-content\/uploads\/2023\/04\/3J7A2059-scaled-3-e1682262124419-1024x760.jpg 1024w, https:\/\/gymba-ergonomics.com\/wp-content\/uploads\/2023\/04\/3J7A2059-scaled-3-e1682262124419-768x570.jpg 768w, https:\/\/gymba-ergonomics.com\/wp-content\/uploads\/2023\/04\/3J7A2059-scaled-3-e1682262124419-1536x1140.jpg 1536w, https:\/\/gymba-ergonomics.com\/wp-content\/uploads\/2023\/04\/3J7A2059-scaled-3-e1682262124419-2048x1520.jpg 2048w\" sizes=\"(max-width: 2160px) 100vw, 2160px\" \/>\t\t\t\t\t\t\t\t\t\t\t\t\t\t\t<\/div>\n\t\t\t\t<\/div>\n\t\t\t\t<div class=\"elementor-element elementor-element-67d583d elementor-widget elementor-widget-heading\" data-id=\"67d583d\" data-element_type=\"widget\" data-e-type=\"widget\" data-widget_type=\"heading.default\">\n\t\t\t\t<div class=\"elementor-widget-container\">\n\t\t\t\t\t<h3 class=\"elementor-heading-title elementor-size-default\">Hieronta-<br>pallot<\/h3>\t\t\t\t<\/div>\n\t\t\t\t<\/div>\n\t\t\t\t<div class=\"elementor-element elementor-element-a2f0155 elementor-widget elementor-widget-text-editor\" data-id=\"a2f0155\" data-element_type=\"widget\" data-e-type=\"widget\" data-widget_type=\"text-editor.default\">\n\t\t\t\t<div class=\"elementor-widget-container\">\n\t\t\t\t\t\t\t\t\t<p>Gymba\u00ae Aktivointilaudan mukana tulee kaksi hierontapalloa.<\/p>\t\t\t\t\t\t\t\t<\/div>\n\t\t\t\t<\/div>\n\t\t\t\t\t<\/div>\n\t\t<\/div>\n\t\t\t\t<div class=\"elementor-column elementor-col-25 elementor-top-column elementor-element elementor-element-4ff1922\" data-id=\"4ff1922\" data-element_type=\"column\" data-e-type=\"column\">\n\t\t\t<div class=\"elementor-widget-wrap elementor-element-populated\">\n\t\t\t\t\t\t<div class=\"elementor-element elementor-element-0e28259 elementor-widget elementor-widget-image\" data-id=\"0e28259\" data-element_type=\"widget\" data-e-type=\"widget\" data-widget_type=\"image.default\">\n\t\t\t\t<div class=\"elementor-widget-container\">\n\t\t\t\t\t\t\t\t\t\t\t\t\t\t\t<img loading=\"lazy\" decoding=\"async\" width=\"1280\" height=\"853\" src=\"https:\/\/gymba-ergonomics.com\/wp-content\/uploads\/2023\/04\/finland-flag-national-flag-162294.png\" class=\"attachment-full size-full wp-image-2251\" alt=\"finland, flag, national flag-162294.jpg\" srcset=\"https:\/\/gymba-ergonomics.com\/wp-content\/uploads\/2023\/04\/finland-flag-national-flag-162294.png 1280w, https:\/\/gymba-ergonomics.com\/wp-content\/uploads\/2023\/04\/finland-flag-national-flag-162294-300x200.png 300w, https:\/\/gymba-ergonomics.com\/wp-content\/uploads\/2023\/04\/finland-flag-national-flag-162294-1024x682.png 1024w, https:\/\/gymba-ergonomics.com\/wp-content\/uploads\/2023\/04\/finland-flag-national-flag-162294-768x512.png 768w\" sizes=\"(max-width: 1280px) 100vw, 1280px\" \/>\t\t\t\t\t\t\t\t\t\t\t\t\t\t\t<\/div>\n\t\t\t\t<\/div>\n\t\t\t\t<div class=\"elementor-element elementor-element-6501aa4 elementor-widget elementor-widget-heading\" data-id=\"6501aa4\" data-element_type=\"widget\" data-e-type=\"widget\" data-widget_type=\"heading.default\">\n\t\t\t\t<div class=\"elementor-widget-container\">\n\t\t\t\t\t<h3 class=\"elementor-heading-title elementor-size-default\">Valmistettu<br>Suomessa<\/h3>\t\t\t\t<\/div>\n\t\t\t\t<\/div>\n\t\t\t\t<div class=\"elementor-element elementor-element-53ca127 elementor-widget elementor-widget-text-editor\" data-id=\"53ca127\" data-element_type=\"widget\" data-e-type=\"widget\" data-widget_type=\"text-editor.default\">\n\t\t\t\t<div class=\"elementor-widget-container\">\n\t\t\t\t\t\t\t\t\t<p>Gymba\u00ae Aktivointilauta on valmistettu Suomessa suomalaisista raaka-aineista.<\/p>\t\t\t\t\t\t\t\t<\/div>\n\t\t\t\t<\/div>\n\t\t\t\t\t<\/div>\n\t\t<\/div>\n\t\t\t\t\t<\/div>\n\t\t<\/section>\n\t\t\t\t<section class=\"elementor-section elementor-top-section elementor-element elementor-element-7d8c35f elementor-section-content-middle elementor-section-boxed elementor-section-height-default elementor-section-height-default\" data-id=\"7d8c35f\" data-element_type=\"section\" data-e-type=\"section\" data-settings=\"{&quot;background_background&quot;:&quot;classic&quot;}\">\n\t\t\t\t\t\t\t<div class=\"elementor-background-overlay\"><\/div>\n\t\t\t\t\t\t\t<div class=\"elementor-container elementor-column-gap-no\">\n\t\t\t\t\t<div class=\"elementor-column elementor-col-50 elementor-top-column elementor-element elementor-element-2a9f148\" data-id=\"2a9f148\" data-element_type=\"column\" data-e-type=\"column\">\n\t\t\t<div class=\"elementor-widget-wrap elementor-element-populated\">\n\t\t\t\t\t\t<div class=\"elementor-element elementor-element-eb07020 elementor-widget elementor-widget-image\" data-id=\"eb07020\" data-element_type=\"widget\" data-e-type=\"widget\" data-widget_type=\"image.default\">\n\t\t\t\t<div class=\"elementor-widget-container\">\n\t\t\t\t\t\t\t\t\t\t\t\t\t\t\t<img loading=\"lazy\" decoding=\"async\" width=\"1080\" height=\"1080\" src=\"https:\/\/gymba-ergonomics.com\/wp-content\/uploads\/2023\/04\/F6F4F1.png\" class=\"attachment-full size-full wp-image-2258\" alt=\"\" srcset=\"https:\/\/gymba-ergonomics.com\/wp-content\/uploads\/2023\/04\/F6F4F1.png 1080w, https:\/\/gymba-ergonomics.com\/wp-content\/uploads\/2023\/04\/F6F4F1-300x300.png 300w, https:\/\/gymba-ergonomics.com\/wp-content\/uploads\/2023\/04\/F6F4F1-1024x1024.png 1024w, https:\/\/gymba-ergonomics.com\/wp-content\/uploads\/2023\/04\/F6F4F1-150x150.png 150w, https:\/\/gymba-ergonomics.com\/wp-content\/uploads\/2023\/04\/F6F4F1-768x768.png 768w\" sizes=\"(max-width: 1080px) 100vw, 1080px\" \/>\t\t\t\t\t\t\t\t\t\t\t\t\t\t\t<\/div>\n\t\t\t\t<\/div>\n\t\t\t\t\t<\/div>\n\t\t<\/div>\n\t\t\t\t<div class=\"elementor-column elementor-col-50 elementor-top-column elementor-element elementor-element-0c1d4cd\" data-id=\"0c1d4cd\" data-element_type=\"column\" data-e-type=\"column\">\n\t\t\t<div class=\"elementor-widget-wrap elementor-element-populated\">\n\t\t\t\t\t\t<div class=\"elementor-element elementor-element-2476941 elementor-widget elementor-widget-heading\" data-id=\"2476941\" data-element_type=\"widget\" data-e-type=\"widget\" data-widget_type=\"heading.default\">\n\t\t\t\t<div class=\"elementor-widget-container\">\n\t\t\t\t\t<h2 class=\"elementor-heading-title elementor-size-default\">Gymba@ Aktivointilaudan lukuisat<\/h2>\t\t\t\t<\/div>\n\t\t\t\t<\/div>\n\t\t\t\t<div class=\"elementor-element elementor-element-ca0bbbe elementor-widget elementor-widget-heading\" data-id=\"ca0bbbe\" data-element_type=\"widget\" data-e-type=\"widget\" data-widget_type=\"heading.default\">\n\t\t\t\t<div class=\"elementor-widget-container\">\n\t\t\t\t\t<h1 class=\"elementor-heading-title elementor-size-default\">Terveyshy\u00f6dyt<\/h1>\t\t\t\t<\/div>\n\t\t\t\t<\/div>\n\t\t\t\t<div class=\"elementor-element elementor-element-9e1da45 elementor-widget elementor-widget-text-editor\" data-id=\"9e1da45\" data-element_type=\"widget\" data-e-type=\"widget\" data-widget_type=\"text-editor.default\">\n\t\t\t\t<div class=\"elementor-widget-container\">\n\t\t\t\t\t\t\t\t\t<p>Terveyden n\u00e4k\u00f6kulmasta sill\u00e4 on suuri merkitys, onko seisominen passiivista vai dynaamista. Gymba\u00ae Aktivointilautaa suosittelee liikuntal\u00e4\u00e4ketieteen tohtori Harri Helaj\u00e4rvi.\u00a0<\/p><p>Gymba\u00ae Aktivointilaudan ansiosta vartalo, verenkierto ja aineenvaihdunta pysyv\u00e4t aktiivisina, mill\u00e4 on lukuisia terveysvaikutuksia.<\/p>\t\t\t\t\t\t\t\t<\/div>\n\t\t\t\t<\/div>\n\t\t\t\t<div class=\"elementor-element elementor-element-557e9c0 elementor-align-left elementor-widget elementor-widget-button\" data-id=\"557e9c0\" data-element_type=\"widget\" data-e-type=\"widget\" data-widget_type=\"button.default\">\n\t\t\t\t<div class=\"elementor-widget-container\">\n\t\t\t\t\t\t\t\t\t<div class=\"elementor-button-wrapper\">\n\t\t\t\t\t<a class=\"elementor-button elementor-button-link elementor-size-sm\" href=\"https:\/\/gymbastore.com\/pages\/health-benefits\">\n\t\t\t\t\t\t<span class=\"elementor-button-content-wrapper\">\n\t\t\t\t\t\t\t\t\t<span class=\"elementor-button-text\">Lue lis\u00e4\u00e4<\/span>\n\t\t\t\t\t<\/span>\n\t\t\t\t\t<\/a>\n\t\t\t\t<\/div>\n\t\t\t\t\t\t\t\t<\/div>\n\t\t\t\t<\/div>\n\t\t\t\t\t<\/div>\n\t\t<\/div>\n\t\t\t\t\t<\/div>\n\t\t<\/section>\n\t\t\t\t<section class=\"elementor-section elementor-top-section elementor-element elementor-element-5d4s85v elementor-section-content-middle elementor-section-full_width elementor-section-height-default elementor-section-height-default\" data-id=\"5d4s85v\" data-element_type=\"section\" data-e-type=\"section\" data-settings=\"{&quot;background_background&quot;:&quot;classic&quot;}\">\n\t\t\t\t\t\t\t<div class=\"elementor-background-overlay\"><\/div>\n\t\t\t\t\t\t\t<div class=\"elementor-container elementor-column-gap-no\">\n\t\t\t\t\t<div class=\"elementor-column elementor-col-50 elementor-top-column elementor-element elementor-element-e68dcfe\" data-id=\"e68dcfe\" data-element_type=\"column\" data-e-type=\"column\">\n\t\t\t<div class=\"elementor-widget-wrap elementor-element-populated\">\n\t\t\t\t\t\t<div class=\"elementor-element elementor-element-ff0f137 elementor-widget elementor-widget-heading\" data-id=\"ff0f137\" data-element_type=\"widget\" data-e-type=\"widget\" data-widget_type=\"heading.default\">\n\t\t\t\t<div class=\"elementor-widget-container\">\n\t\t\t\t\t<h1 class=\"elementor-heading-title elementor-size-default\">K\u00e4ytt\u00f6ohjeita<\/h1>\t\t\t\t<\/div>\n\t\t\t\t<\/div>\n\t\t\t\t<div class=\"elementor-element elementor-element-72da1a5 elementor-widget elementor-widget-text-editor\" data-id=\"72da1a5\" data-element_type=\"widget\" data-e-type=\"widget\" data-widget_type=\"text-editor.default\">\n\t\t\t\t<div class=\"elementor-widget-container\">\n\t\t\t\t\t\t\t\t\t<p>Monik\u00e4ytt\u00f6inen Gymba\u00ae Aktivointilauta on toimistoapuv\u00e4line vertaansa vailla: se on tasapainolauta, sit\u00e4 voi k\u00e4ytt\u00e4\u00e4 urheilemiseen sek\u00e4 venyttelemiseen, ja voit hieroa sen avulla my\u00f6s jalkojasi. Tutustuaksesi tarkempiin k\u00e4ytt\u00f6ohjeisiin<\/p>\t\t\t\t\t\t\t\t<\/div>\n\t\t\t\t<\/div>\n\t\t\t\t<div class=\"elementor-element elementor-element-a6dde25 elementor-align-left elementor-widget elementor-widget-button\" data-id=\"a6dde25\" data-element_type=\"widget\" data-e-type=\"widget\" data-widget_type=\"button.default\">\n\t\t\t\t<div class=\"elementor-widget-container\">\n\t\t\t\t\t\t\t\t\t<div class=\"elementor-button-wrapper\">\n\t\t\t\t\t<a class=\"elementor-button elementor-button-link elementor-size-sm\" href=\"https:\/\/gymbastore.com\/pages\/how-to-use-gymba\">\n\t\t\t\t\t\t<span class=\"elementor-button-content-wrapper\">\n\t\t\t\t\t\t\t\t\t<span class=\"elementor-button-text\">Klikkaa t\u00e4st\u00e4<\/span>\n\t\t\t\t\t<\/span>\n\t\t\t\t\t<\/a>\n\t\t\t\t<\/div>\n\t\t\t\t\t\t\t\t<\/div>\n\t\t\t\t<\/div>\n\t\t\t\t\t<\/div>\n\t\t<\/div>\n\t\t\t\t<div class=\"elementor-column elementor-col-50 elementor-top-column elementor-element elementor-element-47d11e6\" data-id=\"47d11e6\" data-element_type=\"column\" data-e-type=\"column\">\n\t\t\t<div class=\"elementor-widget-wrap elementor-element-populated\">\n\t\t\t\t\t\t<div class=\"elementor-element elementor-element-0598560 elementor-widget elementor-widget-video\" data-id=\"0598560\" data-element_type=\"widget\" data-e-type=\"widget\" data-settings=\"{&quot;youtube_url&quot;:&quot;https:\\\/\\\/youtu.be\\\/sJQwREFViKk&quot;,&quot;loop&quot;:&quot;yes&quot;,&quot;video_type&quot;:&quot;youtube&quot;,&quot;controls&quot;:&quot;yes&quot;}\" data-widget_type=\"video.default\">\n\t\t\t\t<div class=\"elementor-widget-container\">\n\t\t\t\t\t\t\t<div class=\"elementor-wrapper elementor-open-inline\">\n\t\t\t<div class=\"elementor-video\"><\/div>\t\t<\/div>\n\t\t\t\t\t\t<\/div>\n\t\t\t\t<\/div>\n\t\t\t\t\t<\/div>\n\t\t<\/div>\n\t\t\t\t\t<\/div>\n\t\t<\/section>\n\t\t\t\t<\/div>","protected":false},"excerpt":{"rendered":"<p>Gymba\u00ae Board Walk While Standing Gymba\u00ae Board is specifically designed to improve office ergonomics and make our bodies active during the days at the office. It pairs up perfectly with a standing desk and with its unique walking-feature it makes standing pleasant and healthy. https:\/\/youtu.be\/UKiaqZECenc Ecological,sustainable Gymba\u00ae Board is made out of bio-composite and is &hellip;<\/p>\n<p class=\"read-more\"> <a class=\"\" href=\"https:\/\/gymba-ergonomics.com\/fi\/gymba-board\/\"> <span class=\"screen-reader-text\">Gymba\u00ae Aktivointilauta<\/span> Lue lis\u00e4\u00e4 &raquo;<\/a><\/p>","protected":false},"author":1,"featured_media":0,"parent":0,"menu_order":0,"comment_status":"closed","ping_status":"closed","template":"","meta":{"_improvement_type_select":"improve_an_existing","_thumb_yes_seoaic":false,"_frame_yes_seoaic":false,"seoaic_generate_description":"","seoaic_improve_instructions_prompt":"","seoaic_rollback_content_improvement":"","seoaic_idea_thumbnail_generator":"","thumbnail_generated":false,"thumbnail_generate_prompt":"","seoaic_article_description":"","_uag_custom_page_level_css":"","site-sidebar-layout":"no-sidebar","site-content-layout":"page-builder","ast-global-header-display":"","ast-main-header-display":"","ast-hfb-above-header-display":"","ast-hfb-below-header-display":"","ast-hfb-mobile-header-display":"","site-post-title":"disabled","ast-breadcrumbs-content":"","ast-featured-img":"disabled","footer-sml-layout":"","theme-transparent-header-meta":"","adv-header-id-meta":"","stick-header-meta":"","header-above-stick-meta":"","header-main-stick-meta":"","header-below-stick-meta":"","footnotes":""},"class_list":["post-2206","page","type-page","status-publish","hentry"],"uagb_featured_image_src":{"full":false,"thumbnail":false,"medium":false,"medium_large":false,"large":false,"1536x1536":false,"2048x2048":false,"trp-custom-language-flag":false},"uagb_author_info":{"display_name":"Heidi","author_link":"https:\/\/gymba-ergonomics.com\/fi\/author\/heidi\/"},"uagb_comment_info":0,"uagb_excerpt":"Gymba\u00ae Board Walk While Standing Gymba\u00ae Board is specifically designed to improve office ergonomics and make our bodies active during the days at the office. It pairs up perfectly with a standing desk and with its unique walking-feature it makes standing pleasant and healthy. https:\/\/youtu.be\/UKiaqZECenc Ecological,sustainable Gymba\u00ae Board is made out of bio-composite and is&hellip;","_links":{"self":[{"href":"https:\/\/gymba-ergonomics.com\/fi\/wp-json\/wp\/v2\/pages\/2206","targetHints":{"allow":["GET"]}}],"collection":[{"href":"https:\/\/gymba-ergonomics.com\/fi\/wp-json\/wp\/v2\/pages"}],"about":[{"href":"https:\/\/gymba-ergonomics.com\/fi\/wp-json\/wp\/v2\/types\/page"}],"author":[{"embeddable":true,"href":"https:\/\/gymba-ergonomics.com\/fi\/wp-json\/wp\/v2\/users\/1"}],"replies":[{"embeddable":true,"href":"https:\/\/gymba-ergonomics.com\/fi\/wp-json\/wp\/v2\/comments?post=2206"}],"version-history":[{"count":49,"href":"https:\/\/gymba-ergonomics.com\/fi\/wp-json\/wp\/v2\/pages\/2206\/revisions"}],"predecessor-version":[{"id":4258,"href":"https:\/\/gymba-ergonomics.com\/fi\/wp-json\/wp\/v2\/pages\/2206\/revisions\/4258"}],"wp:attachment":[{"href":"https:\/\/gymba-ergonomics.com\/fi\/wp-json\/wp\/v2\/media?parent=2206"}],"curies":[{"name":"wp","href":"https:\/\/api.w.org\/{rel}","templated":true}]}}