{"id":2290,"date":"2023-04-23T18:23:25","date_gmt":"2023-04-23T18:23:25","guid":{"rendered":"https:\/\/gymba-ergonomics.com\/?page_id=2290"},"modified":"2025-06-27T15:03:16","modified_gmt":"2025-06-27T12:03:16","slug":"gymba-balanceboardmini","status":"publish","type":"page","link":"https:\/\/gymba-ergonomics.com\/fi\/gymba-balanceboardmini\/","title":{"rendered":"Gymba\u00ae Balance Board MINI"},"content":{"rendered":"<div data-elementor-type=\"wp-page\" data-elementor-id=\"2290\" class=\"elementor elementor-2290\">\n\t\t\t\t\t\t<section class=\"elementor-section elementor-top-section elementor-element elementor-element-aec49a7 elementor-section-height-min-height elementor-section-boxed elementor-section-height-default elementor-section-items-middle\" data-id=\"aec49a7\" data-element_type=\"section\" data-e-type=\"section\" data-settings=\"{&quot;background_background&quot;:&quot;classic&quot;}\">\n\t\t\t\t\t\t\t<div class=\"elementor-background-overlay\"><\/div>\n\t\t\t\t\t\t\t<div class=\"elementor-container elementor-column-gap-default\">\n\t\t\t\t\t<div class=\"elementor-column elementor-col-100 elementor-top-column elementor-element elementor-element-ce49530\" data-id=\"ce49530\" data-element_type=\"column\" data-e-type=\"column\">\n\t\t\t<div class=\"elementor-widget-wrap elementor-element-populated\">\n\t\t\t\t\t\t<div class=\"elementor-element elementor-element-547c186 elementor-widget elementor-widget-heading\" data-id=\"547c186\" data-element_type=\"widget\" data-e-type=\"widget\" data-widget_type=\"heading.default\">\n\t\t\t\t<div class=\"elementor-widget-container\">\n\t\t\t\t\t<h1 class=\"elementor-heading-title elementor-size-default\">Balance Board MINI<\/h1>\t\t\t\t<\/div>\n\t\t\t\t<\/div>\n\t\t\t\t\t<\/div>\n\t\t<\/div>\n\t\t\t\t\t<\/div>\n\t\t<\/section>\n\t\t\t\t<section class=\"elementor-section elementor-top-section elementor-element elementor-element-x8waq9z elementor-section-content-middle elementor-section-boxed elementor-section-height-default elementor-section-height-default\" data-id=\"x8waq9z\" data-element_type=\"section\" data-e-type=\"section\">\n\t\t\t\t\t\t<div class=\"elementor-container elementor-column-gap-default\">\n\t\t\t\t\t<div class=\"elementor-column elementor-col-66 elementor-top-column elementor-element elementor-element-bd08e34\" data-id=\"bd08e34\" data-element_type=\"column\" data-e-type=\"column\">\n\t\t\t<div class=\"elementor-widget-wrap elementor-element-populated\">\n\t\t\t\t\t\t<div class=\"elementor-element elementor-element-f4e44f6 elementor-arrows-position-outside elementor-widget elementor-widget-image-carousel\" data-id=\"f4e44f6\" data-element_type=\"widget\" data-e-type=\"widget\" data-settings=\"{&quot;slides_to_show&quot;:&quot;1&quot;,&quot;slides_to_show_tablet&quot;:&quot;3&quot;,&quot;navigation&quot;:&quot;arrows&quot;,&quot;autoplay&quot;:&quot;yes&quot;,&quot;pause_on_hover&quot;:&quot;yes&quot;,&quot;pause_on_interaction&quot;:&quot;yes&quot;,&quot;autoplay_speed&quot;:5000,&quot;infinite&quot;:&quot;yes&quot;,&quot;effect&quot;:&quot;slide&quot;,&quot;speed&quot;:500,&quot;image_spacing_custom_tablet&quot;:{&quot;unit&quot;:&quot;px&quot;,&quot;size&quot;:&quot;&quot;,&quot;sizes&quot;:[]},&quot;image_spacing_custom_mobile&quot;:{&quot;unit&quot;:&quot;px&quot;,&quot;size&quot;:&quot;&quot;,&quot;sizes&quot;:[]}}\" data-widget_type=\"image-carousel.default\">\n\t\t\t\t<div class=\"elementor-widget-container\">\n\t\t\t\t\t\t\t<div class=\"elementor-image-carousel-wrapper swiper\" role=\"region\" aria-roledescription=\"carousel\" aria-label=\"Image Carousel\" dir=\"ltr\">\n\t\t\t<div class=\"elementor-image-carousel swiper-wrapper\" aria-live=\"off\">\n\t\t\t\t\t\t\t\t<div class=\"swiper-slide\" role=\"group\" aria-roledescription=\"slide\" aria-label=\"1 of 1\"><figure class=\"swiper-slide-inner\"><img decoding=\"async\" class=\"swiper-slide-image\" src=\"https:\/\/gymba-ergonomics.com\/wp-content\/uploads\/2025\/04\/1.png\" alt=\"Gymba\u00ae Balance Board MINI\" \/><\/figure><\/div>\t\t\t<\/div>\n\t\t\t\t\t<\/div>\n\t\t\t\t\t\t<\/div>\n\t\t\t\t<\/div>\n\t\t\t\t\t<\/div>\n\t\t<\/div>\n\t\t\t\t<div class=\"elementor-column elementor-col-33 elementor-top-column elementor-element elementor-element-2abd9fa\" data-id=\"2abd9fa\" data-element_type=\"column\" data-e-type=\"column\">\n\t\t\t<div class=\"elementor-widget-wrap elementor-element-populated\">\n\t\t\t\t\t\t<div class=\"elementor-element elementor-element-43f239a elementor-widget elementor-widget-heading\" data-id=\"43f239a\" data-element_type=\"widget\" data-e-type=\"widget\" data-widget_type=\"heading.default\">\n\t\t\t\t<div class=\"elementor-widget-container\">\n\t\t\t\t\t<h2 class=\"elementor-heading-title elementor-size-default\">Aloittelijoista ammattilaisurheilijoille<\/h2>\t\t\t\t<\/div>\n\t\t\t\t<\/div>\n\t\t\t\t<div class=\"elementor-element elementor-element-aeaad13 elementor-widget elementor-widget-text-editor\" data-id=\"aeaad13\" data-element_type=\"widget\" data-e-type=\"widget\" data-widget_type=\"text-editor.default\">\n\t\t\t\t<div class=\"elementor-widget-container\">\n\t\t\t\t\t\t\t\t\t<p class=\"\" data-start=\"243\" data-end=\"700\">\u2705\u00a0<strong data-start=\"245\" data-end=\"265\">Tasapainoharjoittelu<\/strong>\u00a0Seiso laudalla yhdell\u00e4 jalalla parantaaksesi tasapainoa ja kehon koordinaatiota.<br data-start=\"340\" data-end=\"343\" \/>\u2705\u00a0<strong data-start=\"345\" data-end=\"359\">Treeni<\/strong>\u00a0Sis\u00e4llyt\u00e4 MINI treeniohjelmaasi vahvistaaksesi keskikehoa ja tehostaaksesi lihaskuntoa.<br data-start=\"430\" data-end=\"433\" data-is-only-node=\"\" \/>\u2705\u00a0<strong data-start=\"435\" data-end=\"455\">Fysioterapia<\/strong>\u00a0K\u00e4yt\u00e4 kuntoutuksen tukena ja parantaaksesi liikkuvuutta.<br data-start=\"520\" data-end=\"523\" \/>\u2705\u00a0<strong data-start=\"525\" data-end=\"543\">Akupainanta ja faskiakalvohieronta\u00a0<\/strong>K\u00e4\u00e4nn\u00e4 lauta yl\u00f6salaisin ja hiero jalkojasi hierontapallojen p\u00e4\u00e4ll\u00e4 vapauttaaksesi jalanpohjan lihaskireyksi\u00e4.<br data-start=\"601\" data-end=\"604\" \/>\u2705\u00a0<strong data-start=\"606\" data-end=\"625\">Pohjevenyttely<\/strong>\u00a0Aseta toinen jalka laudalle ja venyt\u00e4 kevyesti parantaaksesi lihasten joustavuutta.<\/p>\t\t\t\t\t\t\t\t<\/div>\n\t\t\t\t<\/div>\n\t\t\t\t\t<\/div>\n\t\t<\/div>\n\t\t\t\t\t<\/div>\n\t\t<\/section>\n\t\t\t\t<section class=\"elementor-section elementor-top-section elementor-element elementor-element-497e109 elementor-section-boxed elementor-section-height-default elementor-section-height-default\" data-id=\"497e109\" data-element_type=\"section\" data-e-type=\"section\">\n\t\t\t\t\t\t<div class=\"elementor-container elementor-column-gap-default\">\n\t\t\t\t\t<div class=\"elementor-column elementor-col-100 elementor-top-column elementor-element elementor-element-e6b3787\" data-id=\"e6b3787\" data-element_type=\"column\" data-e-type=\"column\">\n\t\t\t<div class=\"elementor-widget-wrap elementor-element-populated\">\n\t\t\t\t\t\t<div class=\"elementor-element elementor-element-5edbdcd elementor-widget elementor-widget-text-editor\" data-id=\"5edbdcd\" data-element_type=\"widget\" data-e-type=\"widget\" data-widget_type=\"text-editor.default\">\n\t\t\t\t<div class=\"elementor-widget-container\">\n\t\t\t\t\t\t\t\t\t<p>Kompaktin kokoinen ja monipuolinen \u2013 MINI on luottoty\u00f6kalusi parempaan liikkumiseen ja suorituskykyyn!<\/p>\t\t\t\t\t\t\t\t<\/div>\n\t\t\t\t<\/div>\n\t\t\t\t\t<\/div>\n\t\t<\/div>\n\t\t\t\t\t<\/div>\n\t\t<\/section>\n\t\t\t\t<section class=\"elementor-section elementor-top-section elementor-element elementor-element-2627c99c elementor-section-content-middle elementor-section-boxed elementor-section-height-default elementor-section-height-default\" data-id=\"2627c99c\" data-element_type=\"section\" data-e-type=\"section\">\n\t\t\t\t\t\t<div class=\"elementor-container elementor-column-gap-no\">\n\t\t\t\t\t<div class=\"elementor-column elementor-col-50 elementor-top-column elementor-element elementor-element-69c5fd32\" data-id=\"69c5fd32\" data-element_type=\"column\" data-e-type=\"column\">\n\t\t\t<div class=\"elementor-widget-wrap elementor-element-populated\">\n\t\t\t\t\t\t<div class=\"elementor-element elementor-element-51f6c07e elementor-widget elementor-widget-heading\" data-id=\"51f6c07e\" data-element_type=\"widget\" data-e-type=\"widget\" data-widget_type=\"heading.default\">\n\t\t\t\t<div class=\"elementor-widget-container\">\n\t\t\t\t\t<h4 class=\"elementor-heading-title elementor-size-default\">Kuntosalitreeneihin<\/h4>\t\t\t\t<\/div>\n\t\t\t\t<\/div>\n\t\t\t\t<div class=\"elementor-element elementor-element-42de3036 elementor-widget elementor-widget-text-editor\" data-id=\"42de3036\" data-element_type=\"widget\" data-e-type=\"widget\" data-widget_type=\"text-editor.default\">\n\t\t\t\t<div class=\"elementor-widget-container\">\n\t\t\t\t\t\t\t\t\t<p>Lis\u00e4\u00e4 <strong>Balance Board MINI<\/strong> Balance Board MINI kuntosalitreeniin ja vie treenisi uudelle tasolle. Sit\u00e4 voi k\u00e4ytt\u00e4\u00e4 apuv\u00e4lineen\u00e4 tekem\u00e4\u00e4n tietyist\u00e4 liikkeist\u00e4 ergonomisempia, mutta ennen kaikkea se tuo harjoitteluun lis\u00e4haastetta. Vain mielikuvitus on rajana siin\u00e4, mit\u00e4 kaikkea sill\u00e4 voi tehd\u00e4!<\/p>\t\t\t\t\t\t\t\t<\/div>\n\t\t\t\t<\/div>\n\t\t\t\t\t<\/div>\n\t\t<\/div>\n\t\t\t\t<div class=\"elementor-column elementor-col-50 elementor-top-column elementor-element elementor-element-3d8fad42\" data-id=\"3d8fad42\" data-element_type=\"column\" data-e-type=\"column\">\n\t\t\t<div class=\"elementor-widget-wrap elementor-element-populated\">\n\t\t\t\t\t\t<div class=\"elementor-element elementor-element-385669d elementor-widget elementor-widget-video\" data-id=\"385669d\" data-element_type=\"widget\" data-e-type=\"widget\" data-settings=\"{&quot;youtube_url&quot;:&quot;https:\\\/\\\/youtu.be\\\/fEUwabdabvE&quot;,&quot;autoplay&quot;:&quot;yes&quot;,&quot;mute&quot;:&quot;yes&quot;,&quot;loop&quot;:&quot;yes&quot;,&quot;video_type&quot;:&quot;youtube&quot;,&quot;controls&quot;:&quot;yes&quot;}\" data-widget_type=\"video.default\">\n\t\t\t\t<div class=\"elementor-widget-container\">\n\t\t\t\t\t\t\t<div class=\"elementor-wrapper elementor-open-inline\">\n\t\t\t<div class=\"elementor-video\"><\/div>\t\t<\/div>\n\t\t\t\t\t\t<\/div>\n\t\t\t\t<\/div>\n\t\t\t\t\t<\/div>\n\t\t<\/div>\n\t\t\t\t\t<\/div>\n\t\t<\/section>\n\t\t\t\t<section class=\"elementor-section elementor-top-section elementor-element elementor-element-f6a84a5 elementor-section-content-middle elementor-section-boxed elementor-section-height-default elementor-section-height-default\" data-id=\"f6a84a5\" data-element_type=\"section\" data-e-type=\"section\">\n\t\t\t\t\t\t<div class=\"elementor-container elementor-column-gap-no\">\n\t\t\t\t\t<div class=\"elementor-column elementor-col-50 elementor-top-column elementor-element elementor-element-dc95b86\" data-id=\"dc95b86\" data-element_type=\"column\" data-e-type=\"column\">\n\t\t\t<div class=\"elementor-widget-wrap elementor-element-populated\">\n\t\t\t\t\t\t<div class=\"elementor-element elementor-element-db5bda7 elementor-widget elementor-widget-heading\" data-id=\"db5bda7\" data-element_type=\"widget\" data-e-type=\"widget\" data-widget_type=\"heading.default\">\n\t\t\t\t<div class=\"elementor-widget-container\">\n\t\t\t\t\t<h4 class=\"elementor-heading-title elementor-size-default\">Rentoudu ja palaudu<\/h4>\t\t\t\t<\/div>\n\t\t\t\t<\/div>\n\t\t\t\t<div class=\"elementor-element elementor-element-42d0968 elementor-widget elementor-widget-text-editor\" data-id=\"42d0968\" data-element_type=\"widget\" data-e-type=\"widget\" data-widget_type=\"text-editor.default\">\n\t\t\t\t<div class=\"elementor-widget-container\">\n\t\t\t\t\t\t\t\t\t<p><strong>Balance Board MINI<\/strong> on enemm\u00e4n kuin harjoitteluv\u00e4line \u2013 se tukee my\u00f6s tehokasta palautumista.<\/p><p>Hy\u00f6dynn\u00e4 sit\u00e4 pohkeiden lempe\u00e4\u00e4n venytt\u00e4miseen, lihaskireyksien vapauttamiseen ja jalkapohjien faskioiden k\u00e4sittelyyn. Kaareva muoto ja s\u00e4\u00e4dett\u00e4v\u00e4 liike mahdollistavat syv\u00e4vaikutteisen, kohdennetun harjoittelun, joka v\u00e4hent\u00e4\u00e4 j\u00e4ykkyytt\u00e4, parantaa liikkuvuutta ja edist\u00e4\u00e4 kokonaisvaltaista hyvinvointia.<\/p>\t\t\t\t\t\t\t\t<\/div>\n\t\t\t\t<\/div>\n\t\t\t\t\t<\/div>\n\t\t<\/div>\n\t\t\t\t<div class=\"elementor-column elementor-col-50 elementor-top-column elementor-element elementor-element-1fb26e4\" data-id=\"1fb26e4\" data-element_type=\"column\" data-e-type=\"column\">\n\t\t\t<div class=\"elementor-widget-wrap elementor-element-populated\">\n\t\t\t\t\t\t<div class=\"elementor-element elementor-element-c5b3e83 elementor-widget elementor-widget-video\" data-id=\"c5b3e83\" data-element_type=\"widget\" data-e-type=\"widget\" data-settings=\"{&quot;youtube_url&quot;:&quot;https:\\\/\\\/youtu.be\\\/9GLSTO9jlxw?si=3trocAGejLS4MhJy&quot;,&quot;autoplay&quot;:&quot;yes&quot;,&quot;mute&quot;:&quot;yes&quot;,&quot;loop&quot;:&quot;yes&quot;,&quot;video_type&quot;:&quot;youtube&quot;,&quot;controls&quot;:&quot;yes&quot;}\" data-widget_type=\"video.default\">\n\t\t\t\t<div class=\"elementor-widget-container\">\n\t\t\t\t\t\t\t<div class=\"elementor-wrapper elementor-open-inline\">\n\t\t\t<div class=\"elementor-video\"><\/div>\t\t<\/div>\n\t\t\t\t\t\t<\/div>\n\t\t\t\t<\/div>\n\t\t\t\t\t<\/div>\n\t\t<\/div>\n\t\t\t\t\t<\/div>\n\t\t<\/section>\n\t\t\t\t<section class=\"elementor-section elementor-top-section elementor-element elementor-element-3359cf7 elementor-section-content-middle elementor-section-boxed elementor-section-height-default elementor-section-height-default\" data-id=\"3359cf7\" data-element_type=\"section\" data-e-type=\"section\">\n\t\t\t\t\t\t<div class=\"elementor-container elementor-column-gap-no\">\n\t\t\t\t\t<div class=\"elementor-column elementor-col-50 elementor-top-column elementor-element elementor-element-823b39c\" data-id=\"823b39c\" data-element_type=\"column\" data-e-type=\"column\">\n\t\t\t<div class=\"elementor-widget-wrap elementor-element-populated\">\n\t\t\t\t\t\t<div class=\"elementor-element elementor-element-1358739 elementor-widget elementor-widget-heading\" data-id=\"1358739\" data-element_type=\"widget\" data-e-type=\"widget\" data-widget_type=\"heading.default\">\n\t\t\t\t<div class=\"elementor-widget-container\">\n\t\t\t\t\t<h4 class=\"elementor-heading-title elementor-size-default\">Kuntoutumisen ja palautumisen tueksi<\/h4>\t\t\t\t<\/div>\n\t\t\t\t<\/div>\n\t\t\t\t<div class=\"elementor-element elementor-element-ac0a9e2 elementor-widget elementor-widget-text-editor\" data-id=\"ac0a9e2\" data-element_type=\"widget\" data-e-type=\"widget\" data-widget_type=\"text-editor.default\">\n\t\t\t\t<div class=\"elementor-widget-container\">\n\t\t\t\t\t\t\t\t\t<p><strong>Balance Board MINI <\/strong>Balance Board MINI on oivaltavasti suunniteltu ja kehitetty, monipuolinen apuv\u00e4line alaraajojen kuntoutukseen. Kolmen pallon asentoa s\u00e4\u00e4t\u00e4m\u00e4ll\u00e4 voit hallita liikkeen suuntaa ja intensiteetti\u00e4 \u2013 n\u00e4in kohdistat harjoituksen turvallisesti ja tehokkaasti haluttuihin lihaksiin ja j\u00e4nteisiin. Erinomainen nilkkojen vahvistamiseen, akillesj\u00e4nteen kuntoutuksen tukemiseen ja toiminnallisen tukevuuden palauttamiseen.<\/p>\t\t\t\t\t\t\t\t<\/div>\n\t\t\t\t<\/div>\n\t\t\t\t\t<\/div>\n\t\t<\/div>\n\t\t\t\t<div class=\"elementor-column elementor-col-50 elementor-top-column elementor-element elementor-element-da7dbcc\" data-id=\"da7dbcc\" data-element_type=\"column\" data-e-type=\"column\">\n\t\t\t<div class=\"elementor-widget-wrap elementor-element-populated\">\n\t\t\t\t\t\t<div class=\"elementor-element elementor-element-76254bd elementor-widget elementor-widget-video\" data-id=\"76254bd\" data-element_type=\"widget\" data-e-type=\"widget\" data-settings=\"{&quot;youtube_url&quot;:&quot;https:\\\/\\\/youtu.be\\\/9GLSTO9jlxw?si=onWl_r8s50RgR8PX&quot;,&quot;autoplay&quot;:&quot;yes&quot;,&quot;mute&quot;:&quot;yes&quot;,&quot;loop&quot;:&quot;yes&quot;,&quot;video_type&quot;:&quot;youtube&quot;,&quot;controls&quot;:&quot;yes&quot;}\" data-widget_type=\"video.default\">\n\t\t\t\t<div class=\"elementor-widget-container\">\n\t\t\t\t\t\t\t<div class=\"elementor-wrapper elementor-open-inline\">\n\t\t\t<div class=\"elementor-video\"><\/div>\t\t<\/div>\n\t\t\t\t\t\t<\/div>\n\t\t\t\t<\/div>\n\t\t\t\t\t<\/div>\n\t\t<\/div>\n\t\t\t\t\t<\/div>\n\t\t<\/section>\n\t\t\t\t<section class=\"elementor-section elementor-top-section elementor-element elementor-element-a474265 elementor-section-boxed elementor-section-height-default elementor-section-height-default\" data-id=\"a474265\" data-element_type=\"section\" data-e-type=\"section\">\n\t\t\t\t\t\t<div class=\"elementor-container elementor-column-gap-default\">\n\t\t\t\t\t<div class=\"elementor-column elementor-col-50 elementor-top-column elementor-element elementor-element-3be00c3\" data-id=\"3be00c3\" data-element_type=\"column\" data-e-type=\"column\">\n\t\t\t<div class=\"elementor-widget-wrap\">\n\t\t\t\t\t\t\t<\/div>\n\t\t<\/div>\n\t\t\t\t<div class=\"elementor-column elementor-col-50 elementor-top-column elementor-element elementor-element-86870a1\" data-id=\"86870a1\" data-element_type=\"column\" data-e-type=\"column\">\n\t\t\t<div class=\"elementor-widget-wrap\">\n\t\t\t\t\t\t\t<\/div>\n\t\t<\/div>\n\t\t\t\t\t<\/div>\n\t\t<\/section>\n\t\t\t\t<\/div>","protected":false},"excerpt":{"rendered":"<p>Balance Board MINI From Beginners to Professional Athletes \u2705\u00a0Balance Training\u00a0\u2013 Stand on the board with one foot to improve balance and coordination.\u2705\u00a0Exercising\u00a0\u2013 Incorporate into workouts for core strengthening and intensifying muscle training.\u2705\u00a0Physical Therapy\u00a0\u2013 Use for rehabilitation exercises to aid recovery and mobility.\u2705\u00a0Acupressure and myofascial release\u00a0\u2013 Turn board upside down and gently press your feet against &hellip;<\/p>\n<p class=\"read-more\"> <a class=\"\" href=\"https:\/\/gymba-ergonomics.com\/fi\/gymba-balanceboardmini\/\"> <span class=\"screen-reader-text\">Gymba\u00ae Balance Board MINI<\/span> Lue lis\u00e4\u00e4 &raquo;<\/a><\/p>","protected":false},"author":1,"featured_media":0,"parent":0,"menu_order":0,"comment_status":"closed","ping_status":"closed","template":"","meta":{"_improvement_type_select":"improve_an_existing","_thumb_yes_seoaic":false,"_frame_yes_seoaic":false,"seoaic_generate_description":"","seoaic_improve_instructions_prompt":"","seoaic_rollback_content_improvement":"","seoaic_idea_thumbnail_generator":"","thumbnail_generated":false,"thumbnail_generate_prompt":"","seoaic_article_description":"","_uag_custom_page_level_css":"","site-sidebar-layout":"no-sidebar","site-content-layout":"page-builder","ast-global-header-display":"","ast-main-header-display":"","ast-hfb-above-header-display":"","ast-hfb-below-header-display":"","ast-hfb-mobile-header-display":"","site-post-title":"disabled","ast-breadcrumbs-content":"","ast-featured-img":"disabled","footer-sml-layout":"","theme-transparent-header-meta":"","adv-header-id-meta":"","stick-header-meta":"","header-above-stick-meta":"","header-main-stick-meta":"","header-below-stick-meta":"","footnotes":""},"class_list":["post-2290","page","type-page","status-publish","hentry"],"uagb_featured_image_src":{"full":false,"thumbnail":false,"medium":false,"medium_large":false,"large":false,"1536x1536":false,"2048x2048":false,"trp-custom-language-flag":false},"uagb_author_info":{"display_name":"Heidi","author_link":"https:\/\/gymba-ergonomics.com\/fi\/author\/heidi\/"},"uagb_comment_info":0,"uagb_excerpt":"Balance Board MINI From Beginners to Professional Athletes \u2705\u00a0Balance Training\u00a0\u2013 Stand on the board with one foot to improve balance and coordination.\u2705\u00a0Exercising\u00a0\u2013 Incorporate into workouts for core strengthening and intensifying muscle training.\u2705\u00a0Physical Therapy\u00a0\u2013 Use for rehabilitation exercises to aid recovery and mobility.\u2705\u00a0Acupressure and myofascial release\u00a0\u2013 Turn board upside down and gently press your feet against&hellip;","_links":{"self":[{"href":"https:\/\/gymba-ergonomics.com\/fi\/wp-json\/wp\/v2\/pages\/2290","targetHints":{"allow":["GET"]}}],"collection":[{"href":"https:\/\/gymba-ergonomics.com\/fi\/wp-json\/wp\/v2\/pages"}],"about":[{"href":"https:\/\/gymba-ergonomics.com\/fi\/wp-json\/wp\/v2\/types\/page"}],"author":[{"embeddable":true,"href":"https:\/\/gymba-ergonomics.com\/fi\/wp-json\/wp\/v2\/users\/1"}],"replies":[{"embeddable":true,"href":"https:\/\/gymba-ergonomics.com\/fi\/wp-json\/wp\/v2\/comments?post=2290"}],"version-history":[{"count":36,"href":"https:\/\/gymba-ergonomics.com\/fi\/wp-json\/wp\/v2\/pages\/2290\/revisions"}],"predecessor-version":[{"id":4213,"href":"https:\/\/gymba-ergonomics.com\/fi\/wp-json\/wp\/v2\/pages\/2290\/revisions\/4213"}],"wp:attachment":[{"href":"https:\/\/gymba-ergonomics.com\/fi\/wp-json\/wp\/v2\/media?parent=2290"}],"curies":[{"name":"wp","href":"https:\/\/api.w.org\/{rel}","templated":true}]}}