{"id":3459,"date":"2025-05-06T14:02:24","date_gmt":"2025-05-06T11:02:24","guid":{"rendered":"https:\/\/gymba-ergonomics.com\/?page_id=3459"},"modified":"2025-06-27T13:01:25","modified_gmt":"2025-06-27T10:01:25","slug":"offices","status":"publish","type":"page","link":"https:\/\/gymba-ergonomics.com\/fi\/offices\/","title":{"rendered":"Toimistoille"},"content":{"rendered":"<div data-elementor-type=\"wp-page\" data-elementor-id=\"3459\" class=\"elementor elementor-3459\">\n\t\t\t\t\t\t<section class=\"elementor-section elementor-top-section elementor-element elementor-element-1e18246 elementor-section-height-min-height elementor-section-boxed elementor-section-height-default elementor-section-items-middle\" data-id=\"1e18246\" data-element_type=\"section\" data-e-type=\"section\" data-settings=\"{&quot;background_background&quot;:&quot;video&quot;,&quot;background_video_link&quot;:&quot;https:\\\/\\\/youtu.be\\\/JV_965r8MQc&quot;}\">\n\t\t\t\t\t\t\t\t<div class=\"elementor-background-video-container elementor-hidden-mobile\">\n\t\t\t\t\t\t\t\t\t\t\t\t\t<div class=\"elementor-background-video-embed\" role=\"presentation\"><\/div>\n\t\t\t\t\t\t\t\t\t\t\t\t<\/div>\n\t\t\t\t\t\t\t\t\t<div class=\"elementor-background-overlay\"><\/div>\n\t\t\t\t\t\t\t<div class=\"elementor-container elementor-column-gap-default\">\n\t\t\t\t\t<div class=\"elementor-column elementor-col-100 elementor-top-column elementor-element elementor-element-f0b852b\" data-id=\"f0b852b\" data-element_type=\"column\" data-e-type=\"column\">\n\t\t\t<div class=\"elementor-widget-wrap elementor-element-populated\">\n\t\t\t\t\t\t<div class=\"elementor-element elementor-element-8c657cc elementor-widget elementor-widget-heading\" data-id=\"8c657cc\" data-element_type=\"widget\" data-e-type=\"widget\" data-widget_type=\"heading.default\">\n\t\t\t\t<div class=\"elementor-widget-container\">\n\t\t\t\t\t<h1 class=\"elementor-heading-title elementor-size-default\">Toimistoille<\/h1>\t\t\t\t<\/div>\n\t\t\t\t<\/div>\n\t\t\t\t\t<\/div>\n\t\t<\/div>\n\t\t\t\t\t<\/div>\n\t\t<\/section>\n\t\t\t\t<section class=\"elementor-section elementor-top-section elementor-element elementor-element-ba8c1a2 elementor-section-content-middle elementor-section-boxed elementor-section-height-default elementor-section-height-default\" data-id=\"ba8c1a2\" data-element_type=\"section\" data-e-type=\"section\" data-settings=\"{&quot;background_background&quot;:&quot;classic&quot;}\">\n\t\t\t\t\t\t<div class=\"elementor-container elementor-column-gap-no\">\n\t\t\t\t\t<div class=\"elementor-column elementor-col-33 elementor-top-column elementor-element elementor-element-3dacfeea\" data-id=\"3dacfeea\" data-element_type=\"column\" data-e-type=\"column\">\n\t\t\t<div class=\"elementor-widget-wrap elementor-element-populated\">\n\t\t\t\t\t\t<div class=\"elementor-element elementor-element-7c9c7b5b elementor-widget elementor-widget-text-editor\" data-id=\"7c9c7b5b\" data-element_type=\"widget\" data-e-type=\"widget\" data-widget_type=\"text-editor.default\">\n\t\t\t\t<div class=\"elementor-widget-container\">\n\t\t\t\t\t\t\t\t\t<p>Muuta ty\u00f6ymp\u00e4rist\u00f6 paremmaksi!<\/p>\t\t\t\t\t\t\t\t<\/div>\n\t\t\t\t<\/div>\n\t\t\t\t<div class=\"elementor-element elementor-element-37ba49ad elementor-widget elementor-widget-heading\" data-id=\"37ba49ad\" data-element_type=\"widget\" data-e-type=\"widget\" data-widget_type=\"heading.default\">\n\t\t\t\t<div class=\"elementor-widget-container\">\n\t\t\t\t\t<h3 class=\"elementor-heading-title elementor-size-default\">Toimistot<br>ja yritykset<\/h3>\t\t\t\t<\/div>\n\t\t\t\t<\/div>\n\t\t\t\t<div class=\"elementor-element elementor-element-6360c8f3 elementor-widget elementor-widget-image\" data-id=\"6360c8f3\" data-element_type=\"widget\" data-e-type=\"widget\" data-widget_type=\"image.default\">\n\t\t\t\t<div class=\"elementor-widget-container\">\n\t\t\t\t\t\t\t\t\t\t\t\t\t\t\t<img fetchpriority=\"high\" decoding=\"async\" width=\"819\" height=\"1024\" src=\"https:\/\/gymba-ergonomics.com\/wp-content\/uploads\/2025\/05\/Office-BW-819x1024.png\" class=\"elementor-animation-grow attachment-large size-large wp-image-3584\" alt=\"Gymba Board as a foot rest\" srcset=\"https:\/\/gymba-ergonomics.com\/wp-content\/uploads\/2025\/05\/Office-BW-819x1024.png 819w, https:\/\/gymba-ergonomics.com\/wp-content\/uploads\/2025\/05\/Office-BW-240x300.png 240w, https:\/\/gymba-ergonomics.com\/wp-content\/uploads\/2025\/05\/Office-BW-768x960.png 768w, https:\/\/gymba-ergonomics.com\/wp-content\/uploads\/2025\/05\/Office-BW-1229x1536.png 1229w, https:\/\/gymba-ergonomics.com\/wp-content\/uploads\/2025\/05\/Office-BW-1638x2048.png 1638w, https:\/\/gymba-ergonomics.com\/wp-content\/uploads\/2025\/05\/Office-BW-10x12.png 10w, https:\/\/gymba-ergonomics.com\/wp-content\/uploads\/2025\/05\/Office-BW-scaled.png 2048w\" sizes=\"(max-width: 819px) 100vw, 819px\" \/>\t\t\t\t\t\t\t\t\t\t\t\t\t\t\t<\/div>\n\t\t\t\t<\/div>\n\t\t\t\t\t<\/div>\n\t\t<\/div>\n\t\t\t\t<div class=\"elementor-column elementor-col-33 elementor-top-column elementor-element elementor-element-2df7ca44\" data-id=\"2df7ca44\" data-element_type=\"column\" data-e-type=\"column\">\n\t\t\t<div class=\"elementor-widget-wrap elementor-element-populated\">\n\t\t\t\t\t\t<div class=\"elementor-element elementor-element-1bb9a51b elementor-widget elementor-widget-image\" data-id=\"1bb9a51b\" data-element_type=\"widget\" data-e-type=\"widget\" data-widget_type=\"image.default\">\n\t\t\t\t<div class=\"elementor-widget-container\">\n\t\t\t\t\t\t\t\t\t\t\t\t\t\t\t<img decoding=\"async\" width=\"819\" height=\"1024\" src=\"https:\/\/gymba-ergonomics.com\/wp-content\/uploads\/2025\/05\/1-819x1024.png\" class=\"elementor-animation-grow attachment-large size-large wp-image-3582\" alt=\"Gymba Board Office\" srcset=\"https:\/\/gymba-ergonomics.com\/wp-content\/uploads\/2025\/05\/1-819x1024.png 819w, https:\/\/gymba-ergonomics.com\/wp-content\/uploads\/2025\/05\/1-240x300.png 240w, https:\/\/gymba-ergonomics.com\/wp-content\/uploads\/2025\/05\/1-768x960.png 768w, https:\/\/gymba-ergonomics.com\/wp-content\/uploads\/2025\/05\/1-1229x1536.png 1229w, https:\/\/gymba-ergonomics.com\/wp-content\/uploads\/2025\/05\/1-1638x2048.png 1638w, https:\/\/gymba-ergonomics.com\/wp-content\/uploads\/2025\/05\/1-10x12.png 10w, https:\/\/gymba-ergonomics.com\/wp-content\/uploads\/2025\/05\/1-scaled.png 2048w\" sizes=\"(max-width: 819px) 100vw, 819px\" \/>\t\t\t\t\t\t\t\t\t\t\t\t\t\t\t<\/div>\n\t\t\t\t<\/div>\n\t\t\t\t<div class=\"elementor-element elementor-element-28e6d4e8 elementor-widget elementor-widget-text-editor\" data-id=\"28e6d4e8\" data-element_type=\"widget\" data-e-type=\"widget\" data-widget_type=\"text-editor.default\">\n\t\t\t\t<div class=\"elementor-widget-container\">\n\t\t\t\t\t\t\t\t\t<p>Me Gymballa ymm\u00e4rr\u00e4mme, kuinka t\u00e4rke\u00e4\u00e4 on terveellinen ja dynaaminen ty\u00f6ymp\u00e4rist\u00f6. Tuotteemme on suunniteltu tukemaan ty\u00f6ntekij\u00f6iden hyvinvointia ja tarjoamaan monia terveyshy\u00f6tyj\u00e4 samalla, kun ne edist\u00e4v\u00e4t tuottavuutta.<\/p>\t\t\t\t\t\t\t\t<\/div>\n\t\t\t\t<\/div>\n\t\t\t\t\t<\/div>\n\t\t<\/div>\n\t\t\t\t<div class=\"elementor-column elementor-col-33 elementor-top-column elementor-element elementor-element-4d3235e\" data-id=\"4d3235e\" data-element_type=\"column\" data-e-type=\"column\">\n\t\t\t<div class=\"elementor-widget-wrap elementor-element-populated\">\n\t\t\t\t\t\t<div class=\"elementor-element elementor-element-64c5a5df elementor-widget elementor-widget-image\" data-id=\"64c5a5df\" data-element_type=\"widget\" data-e-type=\"widget\" data-widget_type=\"image.default\">\n\t\t\t\t<div class=\"elementor-widget-container\">\n\t\t\t\t\t\t\t\t\t\t\t\t\t\t\t<img decoding=\"async\" width=\"819\" height=\"1024\" src=\"https:\/\/gymba-ergonomics.com\/wp-content\/uploads\/2025\/05\/2-819x1024.png\" class=\"elementor-animation-grow attachment-large size-large wp-image-3583\" alt=\"Gymba Office\" srcset=\"https:\/\/gymba-ergonomics.com\/wp-content\/uploads\/2025\/05\/2-819x1024.png 819w, https:\/\/gymba-ergonomics.com\/wp-content\/uploads\/2025\/05\/2-240x300.png 240w, https:\/\/gymba-ergonomics.com\/wp-content\/uploads\/2025\/05\/2-768x960.png 768w, https:\/\/gymba-ergonomics.com\/wp-content\/uploads\/2025\/05\/2-1229x1536.png 1229w, https:\/\/gymba-ergonomics.com\/wp-content\/uploads\/2025\/05\/2-1638x2048.png 1638w, https:\/\/gymba-ergonomics.com\/wp-content\/uploads\/2025\/05\/2-10x12.png 10w, https:\/\/gymba-ergonomics.com\/wp-content\/uploads\/2025\/05\/2-scaled.png 2048w\" sizes=\"(max-width: 819px) 100vw, 819px\" \/>\t\t\t\t\t\t\t\t\t\t\t\t\t\t\t<\/div>\n\t\t\t\t<\/div>\n\t\t\t\t\t<\/div>\n\t\t<\/div>\n\t\t\t\t\t<\/div>\n\t\t<\/section>\n\t\t\t\t<section class=\"elementor-section elementor-top-section elementor-element elementor-element-d8d35bd elementor-section-boxed elementor-section-height-default elementor-section-height-default\" data-id=\"d8d35bd\" data-element_type=\"section\" data-e-type=\"section\">\n\t\t\t\t\t\t<div class=\"elementor-container elementor-column-gap-default\">\n\t\t\t\t\t<div class=\"elementor-column elementor-col-100 elementor-top-column elementor-element elementor-element-333f194\" data-id=\"333f194\" data-element_type=\"column\" data-e-type=\"column\">\n\t\t\t<div class=\"elementor-widget-wrap elementor-element-populated\">\n\t\t\t\t\t\t<div class=\"elementor-element elementor-element-1d690bc elementor-widget__width-initial elementor-widget elementor-widget-heading\" data-id=\"1d690bc\" data-element_type=\"widget\" data-e-type=\"widget\" data-widget_type=\"heading.default\">\n\t\t\t\t<div class=\"elementor-widget-container\">\n\t\t\t\t\t<h2 class=\"elementor-heading-title elementor-size-default\">Miksi valita Gymba\u00ae sinun ty\u00f6paikallesi?<\/h2>\t\t\t\t<\/div>\n\t\t\t\t<\/div>\n\t\t\t\t\t<\/div>\n\t\t<\/div>\n\t\t\t\t\t<\/div>\n\t\t<\/section>\n\t\t\t\t<section class=\"elementor-section elementor-top-section elementor-element elementor-element-f8ad36d elementor-section-boxed elementor-section-height-default elementor-section-height-default\" data-id=\"f8ad36d\" data-element_type=\"section\" data-e-type=\"section\">\n\t\t\t\t\t\t<div class=\"elementor-container elementor-column-gap-default\">\n\t\t\t\t\t<div class=\"elementor-column elementor-col-100 elementor-top-column elementor-element elementor-element-d596f79\" data-id=\"d596f79\" data-element_type=\"column\" data-e-type=\"column\">\n\t\t\t<div class=\"elementor-widget-wrap elementor-element-populated\">\n\t\t\t\t\t\t<div class=\"elementor-element elementor-element-2f998a4 elementor-widget elementor-widget-toggle\" data-id=\"2f998a4\" data-element_type=\"widget\" data-e-type=\"widget\" data-widget_type=\"toggle.default\">\n\t\t\t\t<div class=\"elementor-widget-container\">\n\t\t\t\t\t\t\t<div class=\"elementor-toggle\">\n\t\t\t\t\t\t\t<div class=\"elementor-toggle-item\">\n\t\t\t\t\t<div id=\"elementor-tab-title-4991\" class=\"elementor-tab-title\" data-tab=\"1\" role=\"button\" aria-controls=\"elementor-tab-content-4991\" aria-expanded=\"false\">\n\t\t\t\t\t\t\t\t\t\t\t\t<span class=\"elementor-toggle-icon elementor-toggle-icon-left\" aria-hidden=\"true\">\n\t\t\t\t\t\t\t\t\t\t\t\t\t\t\t<span class=\"elementor-toggle-icon-closed\"><i class=\"fas fa-caret-right\"><\/i><\/span>\n\t\t\t\t\t\t\t\t<span class=\"elementor-toggle-icon-opened\"><i class=\"elementor-toggle-icon-opened fas fa-caret-up\"><\/i><\/span>\n\t\t\t\t\t\t\t\t\t\t\t\t\t<\/span>\n\t\t\t\t\t\t\t\t\t\t\t\t<a class=\"elementor-toggle-title\" tabindex=\"0\">Tieteellisesti todistetut terveyshy\u00f6dyt<\/a>\n\t\t\t\t\t<\/div>\n\n\t\t\t\t\t<div id=\"elementor-tab-content-4991\" class=\"elementor-tab-content elementor-clearfix\" data-tab=\"1\" role=\"region\" aria-labelledby=\"elementor-tab-title-4991\"><p>Gymba-laudan k\u00e4yt\u00f6ll\u00e4 on tieteellisesti todettuja terveyshy\u00f6tyj\u00e4, kuten parantunut ryhti,<br \/>v\u00e4hentynyt selk\u00e4kipu, lis\u00e4\u00e4ntynyt lihastoiminta ja parantunut verenkierto.<\/p><\/div>\n\t\t\t\t<\/div>\n\t\t\t\t\t\t\t<div class=\"elementor-toggle-item\">\n\t\t\t\t\t<div id=\"elementor-tab-title-4992\" class=\"elementor-tab-title\" data-tab=\"2\" role=\"button\" aria-controls=\"elementor-tab-content-4992\" aria-expanded=\"false\">\n\t\t\t\t\t\t\t\t\t\t\t\t<span class=\"elementor-toggle-icon elementor-toggle-icon-left\" aria-hidden=\"true\">\n\t\t\t\t\t\t\t\t\t\t\t\t\t\t\t<span class=\"elementor-toggle-icon-closed\"><i class=\"fas fa-caret-right\"><\/i><\/span>\n\t\t\t\t\t\t\t\t<span class=\"elementor-toggle-icon-opened\"><i class=\"elementor-toggle-icon-opened fas fa-caret-up\"><\/i><\/span>\n\t\t\t\t\t\t\t\t\t\t\t\t\t<\/span>\n\t\t\t\t\t\t\t\t\t\t\t\t<a class=\"elementor-toggle-title\" tabindex=\"0\">Ergonominen ratkaisu<\/a>\n\t\t\t\t\t<\/div>\n\n\t\t\t\t\t<div id=\"elementor-tab-content-4992\" class=\"elementor-tab-content elementor-clearfix\" data-tab=\"2\" role=\"region\" aria-labelledby=\"elementor-tab-title-4992\"><p>Sano hyv\u00e4stit staattiselle seisomiselle ja ep\u00e4mukavuudelle. Gymba\u00ae-laudan patentoitu ristikk\u00e4isjoustavuus mahdollistaa k\u00e4vely\u00e4 muistuttavan liikkeen, lis\u00e4ten aktiivisuutta ja v\u00e4hent\u00e4en pitk\u00e4aikaisen istumisen ja seisomisen aiheuttamia riskej\u00e4.<\/p><\/div>\n\t\t\t\t<\/div>\n\t\t\t\t\t\t\t<div class=\"elementor-toggle-item\">\n\t\t\t\t\t<div id=\"elementor-tab-title-4993\" class=\"elementor-tab-title\" data-tab=\"3\" role=\"button\" aria-controls=\"elementor-tab-content-4993\" aria-expanded=\"false\">\n\t\t\t\t\t\t\t\t\t\t\t\t<span class=\"elementor-toggle-icon elementor-toggle-icon-left\" aria-hidden=\"true\">\n\t\t\t\t\t\t\t\t\t\t\t\t\t\t\t<span class=\"elementor-toggle-icon-closed\"><i class=\"fas fa-caret-right\"><\/i><\/span>\n\t\t\t\t\t\t\t\t<span class=\"elementor-toggle-icon-opened\"><i class=\"elementor-toggle-icon-opened fas fa-caret-up\"><\/i><\/span>\n\t\t\t\t\t\t\t\t\t\t\t\t\t<\/span>\n\t\t\t\t\t\t\t\t\t\t\t\t<a class=\"elementor-toggle-title\" tabindex=\"0\">Monipuolinen ja eri tiloihin sopiva<\/a>\n\t\t\t\t\t<\/div>\n\n\t\t\t\t\t<div id=\"elementor-tab-content-4993\" class=\"elementor-tab-content elementor-clearfix\" data-tab=\"3\" role=\"region\" aria-labelledby=\"elementor-tab-title-4993\"><p>Gymba\u00ae-lautaa ei ole rajoitettu vain toimistok\u00e4ytt\u00f6\u00f6n. Se on soveltuu my\u00f6s kotiin tai harjoitteluun, mik\u00e4 tekee siit\u00e4 monipuolisen lis\u00e4n ty\u00f6ymp\u00e4rist\u00f6\u00f6si.<\/p><\/div>\n\t\t\t\t<\/div>\n\t\t\t\t\t\t\t<div class=\"elementor-toggle-item\">\n\t\t\t\t\t<div id=\"elementor-tab-title-4994\" class=\"elementor-tab-title\" data-tab=\"4\" role=\"button\" aria-controls=\"elementor-tab-content-4994\" aria-expanded=\"false\">\n\t\t\t\t\t\t\t\t\t\t\t\t<span class=\"elementor-toggle-icon elementor-toggle-icon-left\" aria-hidden=\"true\">\n\t\t\t\t\t\t\t\t\t\t\t\t\t\t\t<span class=\"elementor-toggle-icon-closed\"><i class=\"fas fa-caret-right\"><\/i><\/span>\n\t\t\t\t\t\t\t\t<span class=\"elementor-toggle-icon-opened\"><i class=\"elementor-toggle-icon-opened fas fa-caret-up\"><\/i><\/span>\n\t\t\t\t\t\t\t\t\t\t\t\t\t<\/span>\n\t\t\t\t\t\t\t\t\t\t\t\t<a class=\"elementor-toggle-title\" tabindex=\"0\">Ekologinen ja kest\u00e4v\u00e4n kehityksen mukainen<\/a>\n\t\t\t\t\t<\/div>\n\n\t\t\t\t\t<div id=\"elementor-tab-content-4994\" class=\"elementor-tab-content elementor-clearfix\" data-tab=\"4\" role=\"region\" aria-labelledby=\"elementor-tab-title-4994\"><p>Sitoutumisemme kest\u00e4v\u00e4\u00e4n kehitykseen n\u00e4kyy biokomposiittimateriaalin k\u00e4yt\u00f6ss\u00e4, mik\u00e4 tekee Gymba\u00ae-laudasta ymp\u00e4rist\u00f6yst\u00e4v\u00e4llisen ja 100 % kierr\u00e4tett\u00e4v\u00e4n. Valmistuksessa k\u00e4ytet\u00e4\u00e4n ainoastaan uusiutuvaa energiaa.<\/p><\/div>\n\t\t\t\t<\/div>\n\t\t\t\t\t\t\t<div class=\"elementor-toggle-item\">\n\t\t\t\t\t<div id=\"elementor-tab-title-4995\" class=\"elementor-tab-title\" data-tab=\"5\" role=\"button\" aria-controls=\"elementor-tab-content-4995\" aria-expanded=\"false\">\n\t\t\t\t\t\t\t\t\t\t\t\t<span class=\"elementor-toggle-icon elementor-toggle-icon-left\" aria-hidden=\"true\">\n\t\t\t\t\t\t\t\t\t\t\t\t\t\t\t<span class=\"elementor-toggle-icon-closed\"><i class=\"fas fa-caret-right\"><\/i><\/span>\n\t\t\t\t\t\t\t\t<span class=\"elementor-toggle-icon-opened\"><i class=\"elementor-toggle-icon-opened fas fa-caret-up\"><\/i><\/span>\n\t\t\t\t\t\t\t\t\t\t\t\t\t<\/span>\n\t\t\t\t\t\t\t\t\t\t\t\t<a class=\"elementor-toggle-title\" tabindex=\"0\">Valmistajan murtumattomuustakuu<\/a>\n\t\t\t\t\t<\/div>\n\n\t\t\t\t\t<div id=\"elementor-tab-content-4995\" class=\"elementor-tab-content elementor-clearfix\" data-tab=\"5\" role=\"region\" aria-labelledby=\"elementor-tab-title-4995\"><p>Seisomme tuotteidemme laadun takana ja tarjoamme niille 5 vuoden valmistajan murtumattomuustakuun.<\/p><\/div>\n\t\t\t\t<\/div>\n\t\t\t\t\t\t\t<div class=\"elementor-toggle-item\">\n\t\t\t\t\t<div id=\"elementor-tab-title-4996\" class=\"elementor-tab-title\" data-tab=\"6\" role=\"button\" aria-controls=\"elementor-tab-content-4996\" aria-expanded=\"false\">\n\t\t\t\t\t\t\t\t\t\t\t\t<span class=\"elementor-toggle-icon elementor-toggle-icon-left\" aria-hidden=\"true\">\n\t\t\t\t\t\t\t\t\t\t\t\t\t\t\t<span class=\"elementor-toggle-icon-closed\"><i class=\"fas fa-caret-right\"><\/i><\/span>\n\t\t\t\t\t\t\t\t<span class=\"elementor-toggle-icon-opened\"><i class=\"elementor-toggle-icon-opened fas fa-caret-up\"><\/i><\/span>\n\t\t\t\t\t\t\t\t\t\t\t\t\t<\/span>\n\t\t\t\t\t\t\t\t\t\t\t\t<a class=\"elementor-toggle-title\" tabindex=\"0\">30 p\u00e4iv\u00e4n tyytyv\u00e4isyystakuu<\/a>\n\t\t\t\t\t<\/div>\n\n\t\t\t\t\t<div id=\"elementor-tab-content-4996\" class=\"elementor-tab-content elementor-clearfix\" data-tab=\"6\" role=\"region\" aria-labelledby=\"elementor-tab-title-4996\"><p>Olemme varmoja, ett\u00e4 asiakkaasi tulevat pit\u00e4m\u00e4\u00e4n Gymba\u00ae-laudasta. Ellei n\u00e4in ole, asiakas voi hy\u00f6dynt\u00e4\u00e4 30 p\u00e4iv\u00e4n tyytyv\u00e4isyystakuumme ja saada t\u00e4yden hyvityksen.<\/p><\/div>\n\t\t\t\t<\/div>\n\t\t\t\t\t\t\t\t<\/div>\n\t\t\t\t\t\t<\/div>\n\t\t\t\t<\/div>\n\t\t\t\t\t<\/div>\n\t\t<\/div>\n\t\t\t\t\t<\/div>\n\t\t<\/section>\n\t\t\t\t<section class=\"elementor-section elementor-top-section elementor-element elementor-element-2205f45 elementor-section-content-middle elementor-section-boxed elementor-section-height-default elementor-section-height-default\" data-id=\"2205f45\" data-element_type=\"section\" data-e-type=\"section\" data-settings=\"{&quot;background_background&quot;:&quot;classic&quot;}\">\n\t\t\t\t\t\t\t<div class=\"elementor-background-overlay\"><\/div>\n\t\t\t\t\t\t\t<div class=\"elementor-container elementor-column-gap-default\">\n\t\t\t\t\t<div class=\"elementor-column elementor-col-100 elementor-top-column elementor-element elementor-element-5ad6b0e\" data-id=\"5ad6b0e\" data-element_type=\"column\" data-e-type=\"column\">\n\t\t\t<div class=\"elementor-widget-wrap elementor-element-populated\">\n\t\t\t\t\t\t<div class=\"elementor-element elementor-element-5d02cc4 elementor-widget elementor-widget-heading\" data-id=\"5d02cc4\" data-element_type=\"widget\" data-e-type=\"widget\" data-widget_type=\"heading.default\">\n\t\t\t\t<div class=\"elementor-widget-container\">\n\t\t\t\t\t<h2 class=\"elementor-heading-title elementor-size-default\">Ota yhteytt\u00e4<\/h2>\t\t\t\t<\/div>\n\t\t\t\t<\/div>\n\t\t\t\t<div class=\"elementor-element elementor-element-2015624 elementor-widget elementor-widget-text-editor\" data-id=\"2015624\" data-element_type=\"widget\" data-e-type=\"widget\" data-widget_type=\"text-editor.default\">\n\t\t\t\t<div class=\"elementor-widget-container\">\n\t\t\t\t\t\t\t\t\t<p>Ota meihin yhteytt\u00e4 ja kerro toiveesi, niin osaamme tarpeen mukaan ohjata teid\u00e4t oikealle kumppanillemme maasta ja alueesta riippuen, jotka tarjoavat tuotteitamme ja tarpeisiinne sopivia muita ratkaisuja.<\/p>\t\t\t\t\t\t\t\t<\/div>\n\t\t\t\t<\/div>\n\t\t\t\t<div class=\"elementor-element elementor-element-2daf34a elementor-align-center elementor-widget elementor-widget-button\" data-id=\"2daf34a\" data-element_type=\"widget\" data-e-type=\"widget\" data-widget_type=\"button.default\">\n\t\t\t\t<div class=\"elementor-widget-container\">\n\t\t\t\t\t\t\t\t\t<div class=\"elementor-button-wrapper\">\n\t\t\t\t\t<a class=\"elementor-button elementor-button-link elementor-size-xs\" href=\"https:\/\/gymba-ergonomics.com\/fi\/contact\/\">\n\t\t\t\t\t\t<span class=\"elementor-button-content-wrapper\">\n\t\t\t\t\t\t\t\t\t<span class=\"elementor-button-text\">Ota yhteytt\u00e4<\/span>\n\t\t\t\t\t<\/span>\n\t\t\t\t\t<\/a>\n\t\t\t\t<\/div>\n\t\t\t\t\t\t\t\t<\/div>\n\t\t\t\t<\/div>\n\t\t\t\t\t<\/div>\n\t\t<\/div>\n\t\t\t\t\t<\/div>\n\t\t<\/section>\n\t\t\t\t<\/div>","protected":false},"excerpt":{"rendered":"<p>Offices Transform your workspace ForOffices &amp; Businesses At Gymba, we understand the importance of a healthy, dynamic work environment. Our Products are designed to help your employees experience numerous health benefits while boosting productivity. Why Choose Gymba\u00ae for Your Office? Scientifically Proven Health Benefits The Gymba\u00ae Board offers scientifically proven health benefits, including improved posture,reduced &hellip;<\/p>\n<p class=\"read-more\"> <a class=\"\" href=\"https:\/\/gymba-ergonomics.com\/fi\/offices\/\"> <span class=\"screen-reader-text\">Toimistoille<\/span> Lue lis\u00e4\u00e4 &raquo;<\/a><\/p>","protected":false},"author":1,"featured_media":0,"parent":0,"menu_order":0,"comment_status":"closed","ping_status":"closed","template":"","meta":{"_improvement_type_select":"improve_an_existing","_thumb_yes_seoaic":false,"_frame_yes_seoaic":false,"seoaic_generate_description":"","seoaic_improve_instructions_prompt":"","seoaic_rollback_content_improvement":"","seoaic_idea_thumbnail_generator":"","thumbnail_generated":false,"thumbnail_generate_prompt":"","seoaic_article_description":"","_uag_custom_page_level_css":"","site-sidebar-layout":"no-sidebar","site-content-layout":"page-builder","ast-global-header-display":"","ast-main-header-display":"","ast-hfb-above-header-display":"","ast-hfb-below-header-display":"","ast-hfb-mobile-header-display":"","site-post-title":"disabled","ast-breadcrumbs-content":"","ast-featured-img":"disabled","footer-sml-layout":"","theme-transparent-header-meta":"","adv-header-id-meta":"","stick-header-meta":"","header-above-stick-meta":"","header-main-stick-meta":"","header-below-stick-meta":"","footnotes":""},"class_list":["post-3459","page","type-page","status-publish","hentry"],"uagb_featured_image_src":{"full":false,"thumbnail":false,"medium":false,"medium_large":false,"large":false,"1536x1536":false,"2048x2048":false,"trp-custom-language-flag":false},"uagb_author_info":{"display_name":"Heidi","author_link":"https:\/\/gymba-ergonomics.com\/fi\/author\/heidi\/"},"uagb_comment_info":0,"uagb_excerpt":"Offices Transform your workspace ForOffices &amp; Businesses At Gymba, we understand the importance of a healthy, dynamic work environment. Our Products are designed to help your employees experience numerous health benefits while boosting productivity. Why Choose Gymba\u00ae for Your Office? Scientifically Proven Health Benefits The Gymba\u00ae Board offers scientifically proven health benefits, including improved posture,reduced&hellip;","_links":{"self":[{"href":"https:\/\/gymba-ergonomics.com\/fi\/wp-json\/wp\/v2\/pages\/3459","targetHints":{"allow":["GET"]}}],"collection":[{"href":"https:\/\/gymba-ergonomics.com\/fi\/wp-json\/wp\/v2\/pages"}],"about":[{"href":"https:\/\/gymba-ergonomics.com\/fi\/wp-json\/wp\/v2\/types\/page"}],"author":[{"embeddable":true,"href":"https:\/\/gymba-ergonomics.com\/fi\/wp-json\/wp\/v2\/users\/1"}],"replies":[{"embeddable":true,"href":"https:\/\/gymba-ergonomics.com\/fi\/wp-json\/wp\/v2\/comments?post=3459"}],"version-history":[{"count":55,"href":"https:\/\/gymba-ergonomics.com\/fi\/wp-json\/wp\/v2\/pages\/3459\/revisions"}],"predecessor-version":[{"id":4199,"href":"https:\/\/gymba-ergonomics.com\/fi\/wp-json\/wp\/v2\/pages\/3459\/revisions\/4199"}],"wp:attachment":[{"href":"https:\/\/gymba-ergonomics.com\/fi\/wp-json\/wp\/v2\/media?parent=3459"}],"curies":[{"name":"wp","href":"https:\/\/api.w.org\/{rel}","templated":true}]}}