{"id":3461,"date":"2025-05-06T14:02:41","date_gmt":"2025-05-06T11:02:41","guid":{"rendered":"https:\/\/gymba-ergonomics.com\/?page_id=3461"},"modified":"2025-06-27T13:15:57","modified_gmt":"2025-06-27T10:15:57","slug":"education-centers","status":"publish","type":"page","link":"https:\/\/gymba-ergonomics.com\/fi\/education-centers\/","title":{"rendered":"Kouluille"},"content":{"rendered":"<div data-elementor-type=\"wp-page\" data-elementor-id=\"3461\" class=\"elementor elementor-3461\">\n\t\t\t\t\t\t<section class=\"elementor-section elementor-top-section elementor-element elementor-element-189d49f elementor-section-height-min-height elementor-section-boxed elementor-section-height-default elementor-section-items-middle\" data-id=\"189d49f\" data-element_type=\"section\" data-e-type=\"section\" data-settings=\"{&quot;background_background&quot;:&quot;classic&quot;}\">\n\t\t\t\t\t\t\t<div class=\"elementor-background-overlay\"><\/div>\n\t\t\t\t\t\t\t<div class=\"elementor-container elementor-column-gap-default\">\n\t\t\t\t\t<div class=\"elementor-column elementor-col-100 elementor-top-column elementor-element elementor-element-9c69bea\" data-id=\"9c69bea\" data-element_type=\"column\" data-e-type=\"column\">\n\t\t\t<div class=\"elementor-widget-wrap elementor-element-populated\">\n\t\t\t\t\t\t<div class=\"elementor-element elementor-element-fee936f elementor-widget elementor-widget-heading\" data-id=\"fee936f\" data-element_type=\"widget\" data-e-type=\"widget\" data-widget_type=\"heading.default\">\n\t\t\t\t<div class=\"elementor-widget-container\">\n\t\t\t\t\t<h1 class=\"elementor-heading-title elementor-size-default\">Kouluille<\/h1>\t\t\t\t<\/div>\n\t\t\t\t<\/div>\n\t\t\t\t\t<\/div>\n\t\t<\/div>\n\t\t\t\t\t<\/div>\n\t\t<\/section>\n\t\t\t\t<section class=\"elementor-section elementor-top-section elementor-element elementor-element-d7493b8 elementor-section-content-middle elementor-section-boxed elementor-section-height-default elementor-section-height-default\" data-id=\"d7493b8\" data-element_type=\"section\" data-e-type=\"section\" data-settings=\"{&quot;background_background&quot;:&quot;classic&quot;}\">\n\t\t\t\t\t\t<div class=\"elementor-container elementor-column-gap-no\">\n\t\t\t\t\t<div class=\"elementor-column elementor-col-33 elementor-top-column elementor-element elementor-element-521034d\" data-id=\"521034d\" data-element_type=\"column\" data-e-type=\"column\">\n\t\t\t<div class=\"elementor-widget-wrap elementor-element-populated\">\n\t\t\t\t\t\t<div class=\"elementor-element elementor-element-7bb865f elementor-widget elementor-widget-text-editor\" data-id=\"7bb865f\" data-element_type=\"widget\" data-e-type=\"widget\" data-widget_type=\"text-editor.default\">\n\t\t\t\t<div class=\"elementor-widget-container\">\n\t\t\t\t\t\t\t\t\t<p>Muuta ty\u00f6ymp\u00e4rist\u00f6 paremmaksi!<\/p>\t\t\t\t\t\t\t\t<\/div>\n\t\t\t\t<\/div>\n\t\t\t\t<div class=\"elementor-element elementor-element-d7e921f elementor-widget elementor-widget-heading\" data-id=\"d7e921f\" data-element_type=\"widget\" data-e-type=\"widget\" data-widget_type=\"heading.default\">\n\t\t\t\t<div class=\"elementor-widget-container\">\n\t\t\t\t\t<h3 class=\"elementor-heading-title elementor-size-default\"><br>Koulut &amp;<div>oppilaitokset<\/div><\/h3>\t\t\t\t<\/div>\n\t\t\t\t<\/div>\n\t\t\t\t<div class=\"elementor-element elementor-element-3c7efd2 elementor-widget elementor-widget-image\" data-id=\"3c7efd2\" data-element_type=\"widget\" data-e-type=\"widget\" data-widget_type=\"image.default\">\n\t\t\t\t<div class=\"elementor-widget-container\">\n\t\t\t\t\t\t\t\t\t\t\t\t\t\t\t<img fetchpriority=\"high\" decoding=\"async\" width=\"715\" height=\"1024\" src=\"https:\/\/gymba-ergonomics.com\/wp-content\/uploads\/2023\/04\/Nimeton-suunn.malli-19-715x1024.png\" class=\"elementor-animation-grow attachment-large size-large wp-image-2135\" alt=\"\" srcset=\"https:\/\/gymba-ergonomics.com\/wp-content\/uploads\/2023\/04\/Nimeton-suunn.malli-19-715x1024.png 715w, https:\/\/gymba-ergonomics.com\/wp-content\/uploads\/2023\/04\/Nimeton-suunn.malli-19-210x300.png 210w, https:\/\/gymba-ergonomics.com\/wp-content\/uploads\/2023\/04\/Nimeton-suunn.malli-19-768x1100.png 768w, https:\/\/gymba-ergonomics.com\/wp-content\/uploads\/2023\/04\/Nimeton-suunn.malli-19-1073x1536.png 1073w, https:\/\/gymba-ergonomics.com\/wp-content\/uploads\/2023\/04\/Nimeton-suunn.malli-19-1430x2048.png 1430w, https:\/\/gymba-ergonomics.com\/wp-content\/uploads\/2023\/04\/Nimeton-suunn.malli-19.png 1707w\" sizes=\"(max-width: 715px) 100vw, 715px\" \/>\t\t\t\t\t\t\t\t\t\t\t\t\t\t\t<\/div>\n\t\t\t\t<\/div>\n\t\t\t\t\t<\/div>\n\t\t<\/div>\n\t\t\t\t<div class=\"elementor-column elementor-col-33 elementor-top-column elementor-element elementor-element-20e77b9\" data-id=\"20e77b9\" data-element_type=\"column\" data-e-type=\"column\">\n\t\t\t<div class=\"elementor-widget-wrap elementor-element-populated\">\n\t\t\t\t\t\t<div class=\"elementor-element elementor-element-4de026a elementor-widget elementor-widget-image\" data-id=\"4de026a\" data-element_type=\"widget\" data-e-type=\"widget\" data-widget_type=\"image.default\">\n\t\t\t\t<div class=\"elementor-widget-container\">\n\t\t\t\t\t\t\t\t\t\t\t\t\t\t\t<img decoding=\"async\" width=\"1024\" height=\"576\" src=\"https:\/\/gymba-ergonomics.com\/wp-content\/uploads\/2025\/06\/Nimeton-malli-7-1024x576.png\" class=\"elementor-animation-grow attachment-large size-large wp-image-3910\" alt=\"\" srcset=\"https:\/\/gymba-ergonomics.com\/wp-content\/uploads\/2025\/06\/Nimeton-malli-7-1024x576.png 1024w, https:\/\/gymba-ergonomics.com\/wp-content\/uploads\/2025\/06\/Nimeton-malli-7-300x169.png 300w, https:\/\/gymba-ergonomics.com\/wp-content\/uploads\/2025\/06\/Nimeton-malli-7-768x432.png 768w, https:\/\/gymba-ergonomics.com\/wp-content\/uploads\/2025\/06\/Nimeton-malli-7-1536x864.png 1536w, https:\/\/gymba-ergonomics.com\/wp-content\/uploads\/2025\/06\/Nimeton-malli-7-2048x1152.png 2048w, https:\/\/gymba-ergonomics.com\/wp-content\/uploads\/2025\/06\/Nimeton-malli-7-18x10.png 18w\" sizes=\"(max-width: 1024px) 100vw, 1024px\" \/>\t\t\t\t\t\t\t\t\t\t\t\t\t\t\t<\/div>\n\t\t\t\t<\/div>\n\t\t\t\t<div class=\"elementor-element elementor-element-21803a9 elementor-widget elementor-widget-text-editor\" data-id=\"21803a9\" data-element_type=\"widget\" data-e-type=\"widget\" data-widget_type=\"text-editor.default\">\n\t\t\t\t<div class=\"elementor-widget-container\">\n\t\t\t\t\t\t\t\t\t<p><span style=\"font-size: medium;\">Me Gymballa ymm\u00e4rr\u00e4mme, kuinka t\u00e4rke\u00e4 on aktiivinen oppimisymp\u00e4rist\u00f6, joka tukee kokonaisvaltaista terveytt\u00e4. Tuotteemme on suunniteltu auttamaan oppilaita ja opiskelijoita opiskelemaan aktiivisesti ja keskittym\u00e4\u00e4n ja samalla tukemaan heid\u00e4n fyysist\u00e4 hyvinvointiaan.<\/span><\/p>\t\t\t\t\t\t\t\t<\/div>\n\t\t\t\t<\/div>\n\t\t\t\t\t<\/div>\n\t\t<\/div>\n\t\t\t\t<div class=\"elementor-column elementor-col-33 elementor-top-column elementor-element elementor-element-039a12d\" data-id=\"039a12d\" data-element_type=\"column\" data-e-type=\"column\">\n\t\t\t<div class=\"elementor-widget-wrap elementor-element-populated\">\n\t\t\t\t\t\t<div class=\"elementor-element elementor-element-3aadc03 elementor-widget elementor-widget-image\" data-id=\"3aadc03\" data-element_type=\"widget\" data-e-type=\"widget\" data-widget_type=\"image.default\">\n\t\t\t\t<div class=\"elementor-widget-container\">\n\t\t\t\t\t\t\t\t\t\t\t\t\t\t\t<img decoding=\"async\" width=\"819\" height=\"1024\" src=\"https:\/\/gymba-ergonomics.com\/wp-content\/uploads\/2025\/06\/Some-koulupilotti-4-tuloksia-3-819x1024.jpg\" class=\"elementor-animation-grow attachment-large size-large wp-image-4090\" alt=\"\" srcset=\"https:\/\/gymba-ergonomics.com\/wp-content\/uploads\/2025\/06\/Some-koulupilotti-4-tuloksia-3-819x1024.jpg 819w, https:\/\/gymba-ergonomics.com\/wp-content\/uploads\/2025\/06\/Some-koulupilotti-4-tuloksia-3-240x300.jpg 240w, https:\/\/gymba-ergonomics.com\/wp-content\/uploads\/2025\/06\/Some-koulupilotti-4-tuloksia-3-768x960.jpg 768w, https:\/\/gymba-ergonomics.com\/wp-content\/uploads\/2025\/06\/Some-koulupilotti-4-tuloksia-3-10x12.jpg 10w, https:\/\/gymba-ergonomics.com\/wp-content\/uploads\/2025\/06\/Some-koulupilotti-4-tuloksia-3.jpg 1080w\" sizes=\"(max-width: 819px) 100vw, 819px\" \/>\t\t\t\t\t\t\t\t\t\t\t\t\t\t\t<\/div>\n\t\t\t\t<\/div>\n\t\t\t\t\t<\/div>\n\t\t<\/div>\n\t\t\t\t\t<\/div>\n\t\t<\/section>\n\t\t\t\t<section class=\"elementor-section elementor-top-section elementor-element elementor-element-c33f110 elementor-section-boxed elementor-section-height-default elementor-section-height-default\" data-id=\"c33f110\" data-element_type=\"section\" data-e-type=\"section\">\n\t\t\t\t\t\t<div class=\"elementor-container elementor-column-gap-default\">\n\t\t\t\t\t<div class=\"elementor-column elementor-col-100 elementor-top-column elementor-element elementor-element-04c3755\" data-id=\"04c3755\" data-element_type=\"column\" data-e-type=\"column\">\n\t\t\t<div class=\"elementor-widget-wrap elementor-element-populated\">\n\t\t\t\t\t\t<div class=\"elementor-element elementor-element-0855327 elementor-widget__width-initial elementor-widget elementor-widget-heading\" data-id=\"0855327\" data-element_type=\"widget\" data-e-type=\"widget\" data-widget_type=\"heading.default\">\n\t\t\t\t<div class=\"elementor-widget-container\">\n\t\t\t\t\t<h2 class=\"elementor-heading-title elementor-size-default\">Gymban koulukokeilu 2024-2025<\/h2>\t\t\t\t<\/div>\n\t\t\t\t<\/div>\n\t\t\t\t\t<\/div>\n\t\t<\/div>\n\t\t\t\t\t<\/div>\n\t\t<\/section>\n\t\t\t\t<section class=\"elementor-section elementor-top-section elementor-element elementor-element-0bfa702 elementor-section-boxed elementor-section-height-default elementor-section-height-default\" data-id=\"0bfa702\" data-element_type=\"section\" data-e-type=\"section\">\n\t\t\t\t\t\t<div class=\"elementor-container elementor-column-gap-default\">\n\t\t\t\t\t<div class=\"elementor-column elementor-col-100 elementor-top-column elementor-element elementor-element-2bbc4f2\" data-id=\"2bbc4f2\" data-element_type=\"column\" data-e-type=\"column\">\n\t\t\t<div class=\"elementor-widget-wrap\">\n\t\t\t\t\t\t\t<\/div>\n\t\t<\/div>\n\t\t\t\t\t<\/div>\n\t\t<\/section>\n\t\t\t\t<section class=\"elementor-section elementor-top-section elementor-element elementor-element-60ae7b7 elementor-section-boxed elementor-section-height-default elementor-section-height-default\" data-id=\"60ae7b7\" data-element_type=\"section\" data-e-type=\"section\">\n\t\t\t\t\t\t<div class=\"elementor-container elementor-column-gap-default\">\n\t\t\t\t\t<div class=\"elementor-column elementor-col-100 elementor-top-column elementor-element elementor-element-c112715\" data-id=\"c112715\" data-element_type=\"column\" data-e-type=\"column\">\n\t\t\t<div class=\"elementor-widget-wrap elementor-element-populated\">\n\t\t\t\t\t\t<div class=\"elementor-element elementor-element-93a4d3d elementor-widget__width-initial elementor-widget elementor-widget-text-editor\" data-id=\"93a4d3d\" data-element_type=\"widget\" data-e-type=\"widget\" data-widget_type=\"text-editor.default\">\n\t\t\t\t<div class=\"elementor-widget-container\">\n\t\t\t\t\t\t\t\t\t<p data-start=\"108\" data-end=\"421\">Lukuvuoden 2024\u20132025 aikana Gymba aloitti ja edelleen jatkaa koulukokeiluja suomalaisissa oppilaitoksissa selvitt\u00e4\u00e4kseen, miten Gymban tuotteet voivat tukea liikkumista ja aktiivista ty\u00f6skentely\u00e4 luokkahuoneissa, ja parantaa ergonomiaa oppimisymp\u00e4rist\u00f6iss\u00e4.\nPilotti k\u00e4ynnistyi kahdeksassa koulussa alakoulusta lukioon ja sis\u00e4lsi kyselyit\u00e4 sek\u00e4 k\u00e4yt\u00e4nn\u00f6n testej\u00e4 luokkahuoneissa. Lis\u00e4ksi kokeilujaksoja on my\u00f6s ammattikorkeakouluissa.<\/p><p data-start=\"423\" data-end=\"532\">Uusia kouluja tulee mukaan tulevana lukuvuonna  2025-2026.<\/p><p data-start=\"534\" data-end=\"679\">T\u00e4m\u00e4 koulukokeilu on osa <em data-start=\"582\" data-end=\"645\">Tuotteiden ja kansainv\u00e4listymisen kehitt\u00e4mishanketta,<\/em>ja se on Euroopan Unionin osarahoittama.<\/p><p data-start=\"534\" data-end=\"679\">\u00a0<\/p>\t\t\t\t\t\t\t\t<\/div>\n\t\t\t\t<\/div>\n\t\t\t\t<div class=\"elementor-element elementor-element-2b703e8 elementor-widget__width-initial elementor-widget elementor-widget-heading\" data-id=\"2b703e8\" data-element_type=\"widget\" data-e-type=\"widget\" data-widget_type=\"heading.default\">\n\t\t\t\t<div class=\"elementor-widget-container\">\n\t\t\t\t\t<h2 class=\"elementor-heading-title elementor-size-default\">Miksi valita Gymba kouluun tai oppilaitokseen?<\/h2>\t\t\t\t<\/div>\n\t\t\t\t<\/div>\n\t\t\t\t\t<\/div>\n\t\t<\/div>\n\t\t\t\t\t<\/div>\n\t\t<\/section>\n\t\t\t\t<section class=\"elementor-section elementor-top-section elementor-element elementor-element-f38e0ba elementor-section-boxed elementor-section-height-default elementor-section-height-default\" data-id=\"f38e0ba\" data-element_type=\"section\" data-e-type=\"section\">\n\t\t\t\t\t\t<div class=\"elementor-container elementor-column-gap-default\">\n\t\t\t\t\t<div class=\"elementor-column elementor-col-100 elementor-top-column elementor-element elementor-element-a04dbe6\" data-id=\"a04dbe6\" data-element_type=\"column\" data-e-type=\"column\">\n\t\t\t<div class=\"elementor-widget-wrap elementor-element-populated\">\n\t\t\t\t\t\t<div class=\"elementor-element elementor-element-6675746 elementor-widget elementor-widget-toggle\" data-id=\"6675746\" data-element_type=\"widget\" data-e-type=\"widget\" data-widget_type=\"toggle.default\">\n\t\t\t\t<div class=\"elementor-widget-container\">\n\t\t\t\t\t\t\t<div class=\"elementor-toggle\">\n\t\t\t\t\t\t\t<div class=\"elementor-toggle-item\">\n\t\t\t\t\t<div id=\"elementor-tab-title-1071\" class=\"elementor-tab-title\" data-tab=\"1\" role=\"button\" aria-controls=\"elementor-tab-content-1071\" aria-expanded=\"false\">\n\t\t\t\t\t\t\t\t\t\t\t\t<span class=\"elementor-toggle-icon elementor-toggle-icon-left\" aria-hidden=\"true\">\n\t\t\t\t\t\t\t\t\t\t\t\t\t\t\t<span class=\"elementor-toggle-icon-closed\"><i class=\"fas fa-caret-right\"><\/i><\/span>\n\t\t\t\t\t\t\t\t<span class=\"elementor-toggle-icon-opened\"><i class=\"elementor-toggle-icon-opened fas fa-caret-up\"><\/i><\/span>\n\t\t\t\t\t\t\t\t\t\t\t\t\t<\/span>\n\t\t\t\t\t\t\t\t\t\t\t\t<a class=\"elementor-toggle-title\" tabindex=\"0\">Tieteellisesti todistetut terveyshy\u00f6dyt<\/a>\n\t\t\t\t\t<\/div>\n\n\t\t\t\t\t<div id=\"elementor-tab-content-1071\" class=\"elementor-tab-content elementor-clearfix\" data-tab=\"1\" role=\"region\" aria-labelledby=\"elementor-tab-title-1071\"><p>Gymba-laudan k\u00e4yt\u00f6ll\u00e4 on tieteellisesti todettuja terveyshy\u00f6tyj\u00e4, kuten parantunut ryhti,<br>reduced back pain, increased muscle activity, and enhanced blood circulation. It will improve concentration and productivity and it offers an healthy option for prolonged sitting and standing. Plus, it&#8217;s fun!<\/p><\/div>\n\t\t\t\t<\/div>\n\t\t\t\t\t\t\t<div class=\"elementor-toggle-item\">\n\t\t\t\t\t<div id=\"elementor-tab-title-1072\" class=\"elementor-tab-title\" data-tab=\"2\" role=\"button\" aria-controls=\"elementor-tab-content-1072\" aria-expanded=\"false\">\n\t\t\t\t\t\t\t\t\t\t\t\t<span class=\"elementor-toggle-icon elementor-toggle-icon-left\" aria-hidden=\"true\">\n\t\t\t\t\t\t\t\t\t\t\t\t\t\t\t<span class=\"elementor-toggle-icon-closed\"><i class=\"fas fa-caret-right\"><\/i><\/span>\n\t\t\t\t\t\t\t\t<span class=\"elementor-toggle-icon-opened\"><i class=\"elementor-toggle-icon-opened fas fa-caret-up\"><\/i><\/span>\n\t\t\t\t\t\t\t\t\t\t\t\t\t<\/span>\n\t\t\t\t\t\t\t\t\t\t\t\t<a class=\"elementor-toggle-title\" tabindex=\"0\">Ergonominen ratkaisu<\/a>\n\t\t\t\t\t<\/div>\n\n\t\t\t\t\t<div id=\"elementor-tab-content-1072\" class=\"elementor-tab-content elementor-clearfix\" data-tab=\"2\" role=\"region\" aria-labelledby=\"elementor-tab-title-1072\"><p>Sano hyv\u00e4stit staattiselle seisomiselle ja ep\u00e4mukavuudelle. Gymba\u00ae-laudan patentoitu ristikk\u00e4isjoustavuus mahdollistaa k\u00e4vely\u00e4 muistuttavan liikkeen, lis\u00e4ten aktiivisuutta ja v\u00e4hent\u00e4en pitk\u00e4aikaisen istumisen ja seisomisen aiheuttamia riskej\u00e4.<\/p><\/div>\n\t\t\t\t<\/div>\n\t\t\t\t\t\t\t<div class=\"elementor-toggle-item\">\n\t\t\t\t\t<div id=\"elementor-tab-title-1073\" class=\"elementor-tab-title\" data-tab=\"3\" role=\"button\" aria-controls=\"elementor-tab-content-1073\" aria-expanded=\"false\">\n\t\t\t\t\t\t\t\t\t\t\t\t<span class=\"elementor-toggle-icon elementor-toggle-icon-left\" aria-hidden=\"true\">\n\t\t\t\t\t\t\t\t\t\t\t\t\t\t\t<span class=\"elementor-toggle-icon-closed\"><i class=\"fas fa-caret-right\"><\/i><\/span>\n\t\t\t\t\t\t\t\t<span class=\"elementor-toggle-icon-opened\"><i class=\"elementor-toggle-icon-opened fas fa-caret-up\"><\/i><\/span>\n\t\t\t\t\t\t\t\t\t\t\t\t\t<\/span>\n\t\t\t\t\t\t\t\t\t\t\t\t<a class=\"elementor-toggle-title\" tabindex=\"0\">Monipuolinen ja eri tiloihin sopiva<\/a>\n\t\t\t\t\t<\/div>\n\n\t\t\t\t\t<div id=\"elementor-tab-content-1073\" class=\"elementor-tab-content elementor-clearfix\" data-tab=\"3\" role=\"region\" aria-labelledby=\"elementor-tab-title-1073\"><p>The Gymba\u00ae Board is not limited to office use. It is suitable for schools and universities as well.\u00a0<\/p><\/div>\n\t\t\t\t<\/div>\n\t\t\t\t\t\t\t<div class=\"elementor-toggle-item\">\n\t\t\t\t\t<div id=\"elementor-tab-title-1074\" class=\"elementor-tab-title\" data-tab=\"4\" role=\"button\" aria-controls=\"elementor-tab-content-1074\" aria-expanded=\"false\">\n\t\t\t\t\t\t\t\t\t\t\t\t<span class=\"elementor-toggle-icon elementor-toggle-icon-left\" aria-hidden=\"true\">\n\t\t\t\t\t\t\t\t\t\t\t\t\t\t\t<span class=\"elementor-toggle-icon-closed\"><i class=\"fas fa-caret-right\"><\/i><\/span>\n\t\t\t\t\t\t\t\t<span class=\"elementor-toggle-icon-opened\"><i class=\"elementor-toggle-icon-opened fas fa-caret-up\"><\/i><\/span>\n\t\t\t\t\t\t\t\t\t\t\t\t\t<\/span>\n\t\t\t\t\t\t\t\t\t\t\t\t<a class=\"elementor-toggle-title\" tabindex=\"0\">Ekologinen ja kest\u00e4v\u00e4n kehityksen mukainen<\/a>\n\t\t\t\t\t<\/div>\n\n\t\t\t\t\t<div id=\"elementor-tab-content-1074\" class=\"elementor-tab-content elementor-clearfix\" data-tab=\"4\" role=\"region\" aria-labelledby=\"elementor-tab-title-1074\"><p>Sitoutumisemme kest\u00e4v\u00e4\u00e4n kehitykseen n\u00e4kyy biokomposiittimateriaalin k\u00e4yt\u00f6ss\u00e4, mik\u00e4 tekee Gymba\u00ae-laudasta ymp\u00e4rist\u00f6yst\u00e4v\u00e4llisen ja 100 % kierr\u00e4tett\u00e4v\u00e4n. Valmistuksessa k\u00e4ytet\u00e4\u00e4n ainoastaan uusiutuvaa energiaa.<\/p><\/div>\n\t\t\t\t<\/div>\n\t\t\t\t\t\t\t<div class=\"elementor-toggle-item\">\n\t\t\t\t\t<div id=\"elementor-tab-title-1075\" class=\"elementor-tab-title\" data-tab=\"5\" role=\"button\" aria-controls=\"elementor-tab-content-1075\" aria-expanded=\"false\">\n\t\t\t\t\t\t\t\t\t\t\t\t<span class=\"elementor-toggle-icon elementor-toggle-icon-left\" aria-hidden=\"true\">\n\t\t\t\t\t\t\t\t\t\t\t\t\t\t\t<span class=\"elementor-toggle-icon-closed\"><i class=\"fas fa-caret-right\"><\/i><\/span>\n\t\t\t\t\t\t\t\t<span class=\"elementor-toggle-icon-opened\"><i class=\"elementor-toggle-icon-opened fas fa-caret-up\"><\/i><\/span>\n\t\t\t\t\t\t\t\t\t\t\t\t\t<\/span>\n\t\t\t\t\t\t\t\t\t\t\t\t<a class=\"elementor-toggle-title\" tabindex=\"0\">Valmistajan murtumattomuustakuu<\/a>\n\t\t\t\t\t<\/div>\n\n\t\t\t\t\t<div id=\"elementor-tab-content-1075\" class=\"elementor-tab-content elementor-clearfix\" data-tab=\"5\" role=\"region\" aria-labelledby=\"elementor-tab-title-1075\"><p>Seisomme tuotteidemme laadun takana ja tarjoamme niille 5 vuoden valmistajan murtumattomuustakuun.<\/p><\/div>\n\t\t\t\t<\/div>\n\t\t\t\t\t\t\t<div class=\"elementor-toggle-item\">\n\t\t\t\t\t<div id=\"elementor-tab-title-1076\" class=\"elementor-tab-title\" data-tab=\"6\" role=\"button\" aria-controls=\"elementor-tab-content-1076\" aria-expanded=\"false\">\n\t\t\t\t\t\t\t\t\t\t\t\t<span class=\"elementor-toggle-icon elementor-toggle-icon-left\" aria-hidden=\"true\">\n\t\t\t\t\t\t\t\t\t\t\t\t\t\t\t<span class=\"elementor-toggle-icon-closed\"><i class=\"fas fa-caret-right\"><\/i><\/span>\n\t\t\t\t\t\t\t\t<span class=\"elementor-toggle-icon-opened\"><i class=\"elementor-toggle-icon-opened fas fa-caret-up\"><\/i><\/span>\n\t\t\t\t\t\t\t\t\t\t\t\t\t<\/span>\n\t\t\t\t\t\t\t\t\t\t\t\t<a class=\"elementor-toggle-title\" tabindex=\"0\">30 p\u00e4iv\u00e4n tyytyv\u00e4isyystakuu<\/a>\n\t\t\t\t\t<\/div>\n\n\t\t\t\t\t<div id=\"elementor-tab-content-1076\" class=\"elementor-tab-content elementor-clearfix\" data-tab=\"6\" role=\"region\" aria-labelledby=\"elementor-tab-title-1076\"><p>We&#8217;re confident that you will love the Gymba\u00ae Board. If not, take advantage of our 30-day satisfaction guarantee for a full refund.<\/p><\/div>\n\t\t\t\t<\/div>\n\t\t\t\t\t\t\t\t<\/div>\n\t\t\t\t\t\t<\/div>\n\t\t\t\t<\/div>\n\t\t\t\t\t<\/div>\n\t\t<\/div>\n\t\t\t\t\t<\/div>\n\t\t<\/section>\n\t\t\t\t<section class=\"elementor-section elementor-top-section elementor-element elementor-element-f10fab5 elementor-section-content-middle elementor-section-boxed elementor-section-height-default elementor-section-height-default\" data-id=\"f10fab5\" data-element_type=\"section\" data-e-type=\"section\" data-settings=\"{&quot;background_background&quot;:&quot;classic&quot;}\">\n\t\t\t\t\t\t\t<div class=\"elementor-background-overlay\"><\/div>\n\t\t\t\t\t\t\t<div class=\"elementor-container elementor-column-gap-default\">\n\t\t\t\t\t<div class=\"elementor-column elementor-col-100 elementor-top-column elementor-element elementor-element-80fc36b\" data-id=\"80fc36b\" data-element_type=\"column\" data-e-type=\"column\">\n\t\t\t<div class=\"elementor-widget-wrap elementor-element-populated\">\n\t\t\t\t\t\t<div class=\"elementor-element elementor-element-81b263e elementor-widget elementor-widget-heading\" data-id=\"81b263e\" data-element_type=\"widget\" data-e-type=\"widget\" data-widget_type=\"heading.default\">\n\t\t\t\t<div class=\"elementor-widget-container\">\n\t\t\t\t\t<h2 class=\"elementor-heading-title elementor-size-default\">Ota yhteytt\u00e4<\/h2>\t\t\t\t<\/div>\n\t\t\t\t<\/div>\n\t\t\t\t<div class=\"elementor-element elementor-element-dae92bb elementor-widget elementor-widget-text-editor\" data-id=\"dae92bb\" data-element_type=\"widget\" data-e-type=\"widget\" data-widget_type=\"text-editor.default\">\n\t\t\t\t<div class=\"elementor-widget-container\">\n\t\t\t\t\t\t\t\t\t<p>Ota meihin yhteytt\u00e4 ja kerro toiveesi, niin osaamme tarpeen mukaan ohjata teid\u00e4t oikealle kumppanillemme maasta ja alueesta riippuen, jotka tarjoavat tuotteitamme ja tarpeisiinne sopivia muita ratkaisuja.<\/p>\t\t\t\t\t\t\t\t<\/div>\n\t\t\t\t<\/div>\n\t\t\t\t<div class=\"elementor-element elementor-element-c3160b3 elementor-align-center elementor-widget elementor-widget-button\" data-id=\"c3160b3\" data-element_type=\"widget\" data-e-type=\"widget\" data-widget_type=\"button.default\">\n\t\t\t\t<div class=\"elementor-widget-container\">\n\t\t\t\t\t\t\t\t\t<div class=\"elementor-button-wrapper\">\n\t\t\t\t\t<a class=\"elementor-button elementor-button-link elementor-size-xs\" href=\"https:\/\/gymba-ergonomics.com\/fi\/contact\/\">\n\t\t\t\t\t\t<span class=\"elementor-button-content-wrapper\">\n\t\t\t\t\t\t\t\t\t<span class=\"elementor-button-text\">Ota yhteytt\u00e4<\/span>\n\t\t\t\t\t<\/span>\n\t\t\t\t\t<\/a>\n\t\t\t\t<\/div>\n\t\t\t\t\t\t\t\t<\/div>\n\t\t\t\t<\/div>\n\t\t\t\t\t<\/div>\n\t\t<\/div>\n\t\t\t\t\t<\/div>\n\t\t<\/section>\n\t\t\t\t<\/div>","protected":false},"excerpt":{"rendered":"<p>Education Centers Transform your workspace EducationCenters At Gymba, we understand the importance of creating a healthy, active learning environment. Our products are designed to help students stay engaged, improve focus, and support their physical well-being \u2014 all while enhancing classroom performance. Gymba School Pilot 2024\u20132025 During the 2024\u20132025 school year, Gymba Ltd is continuing its &hellip;<\/p>\n<p class=\"read-more\"> <a class=\"\" href=\"https:\/\/gymba-ergonomics.com\/fi\/education-centers\/\"> <span class=\"screen-reader-text\">Kouluille<\/span> Lue lis\u00e4\u00e4 &raquo;<\/a><\/p>","protected":false},"author":1,"featured_media":0,"parent":0,"menu_order":0,"comment_status":"closed","ping_status":"closed","template":"","meta":{"_improvement_type_select":"improve_an_existing","_thumb_yes_seoaic":false,"_frame_yes_seoaic":false,"seoaic_generate_description":"","seoaic_improve_instructions_prompt":"","seoaic_rollback_content_improvement":"","seoaic_idea_thumbnail_generator":"","thumbnail_generated":false,"thumbnail_generate_prompt":"","seoaic_article_description":"","_uag_custom_page_level_css":"","site-sidebar-layout":"no-sidebar","site-content-layout":"page-builder","ast-global-header-display":"","ast-main-header-display":"","ast-hfb-above-header-display":"","ast-hfb-below-header-display":"","ast-hfb-mobile-header-display":"","site-post-title":"disabled","ast-breadcrumbs-content":"","ast-featured-img":"disabled","footer-sml-layout":"","theme-transparent-header-meta":"","adv-header-id-meta":"","stick-header-meta":"","header-above-stick-meta":"","header-main-stick-meta":"","header-below-stick-meta":"","footnotes":""},"class_list":["post-3461","page","type-page","status-publish","hentry"],"uagb_featured_image_src":{"full":false,"thumbnail":false,"medium":false,"medium_large":false,"large":false,"1536x1536":false,"2048x2048":false,"trp-custom-language-flag":false},"uagb_author_info":{"display_name":"Heidi","author_link":"https:\/\/gymba-ergonomics.com\/fi\/author\/heidi\/"},"uagb_comment_info":0,"uagb_excerpt":"Education Centers Transform your workspace EducationCenters At Gymba, we understand the importance of creating a healthy, active learning environment. Our products are designed to help students stay engaged, improve focus, and support their physical well-being \u2014 all while enhancing classroom performance. Gymba School Pilot 2024\u20132025 During the 2024\u20132025 school year, Gymba Ltd is continuing its&hellip;","_links":{"self":[{"href":"https:\/\/gymba-ergonomics.com\/fi\/wp-json\/wp\/v2\/pages\/3461","targetHints":{"allow":["GET"]}}],"collection":[{"href":"https:\/\/gymba-ergonomics.com\/fi\/wp-json\/wp\/v2\/pages"}],"about":[{"href":"https:\/\/gymba-ergonomics.com\/fi\/wp-json\/wp\/v2\/types\/page"}],"author":[{"embeddable":true,"href":"https:\/\/gymba-ergonomics.com\/fi\/wp-json\/wp\/v2\/users\/1"}],"replies":[{"embeddable":true,"href":"https:\/\/gymba-ergonomics.com\/fi\/wp-json\/wp\/v2\/comments?post=3461"}],"version-history":[{"count":40,"href":"https:\/\/gymba-ergonomics.com\/fi\/wp-json\/wp\/v2\/pages\/3461\/revisions"}],"predecessor-version":[{"id":4205,"href":"https:\/\/gymba-ergonomics.com\/fi\/wp-json\/wp\/v2\/pages\/3461\/revisions\/4205"}],"wp:attachment":[{"href":"https:\/\/gymba-ergonomics.com\/fi\/wp-json\/wp\/v2\/media?parent=3461"}],"curies":[{"name":"wp","href":"https:\/\/api.w.org\/{rel}","templated":true}]}}